{"id":6859,"date":"2025-12-27T19:04:17","date_gmt":"2025-12-27T18:04:17","guid":{"rendered":"https:\/\/www.stredoeuropskepohlady.fss.ukf.sk\/?page_id=6859"},"modified":"2026-04-02T09:00:43","modified_gmt":"2026-04-02T07:00:43","slug":"mnoho-jazyku-ve-svetove-literature-recenze","status":"publish","type":"page","link":"https:\/\/www.stredoeuropskepohlady.fss.ukf.sk\/?page_id=6859","title":{"rendered":"\u201eMnoho jazyk\u016f\u201c ve sv\u011btov\u00e9 literatu\u0159e (recenze)"},"content":{"rendered":"<h2 style=\"text-align: center;\">\u201cMany Languages\u201d in World Literature (Review)<\/h2>\n<h3>Milo\u0161 Zelenka<\/h3>\n<p><strong><span style=\"color: #666666;\">IN:\u00a0<\/span><\/strong><span style=\"color: #666666;\">Stredoeur\u00f3pske poh\u013eady, Vol. VII, Issue 2, 2025, p. 107-111, ISSN 2644-6367 (print), ISSN-2644-6472 (online)<\/span><\/p>\n<p><a href=\"https:\/\/www.stredoeuropskepohlady.fss.ukf.sk\/wp-content\/uploads\/2026\/02\/Stredouropske-pohlady-2025-02-12.pdf\"><strong>PDF<\/strong><\/a><\/p>\n","protected":false},"excerpt":{"rendered":"<p>\u201cMany Languages\u201d in World Literature (Review) Milo\u0161 Zelenka IN:\u00a0Stredoeur\u00f3pske poh\u013eady, Vol. VII, Issue 2, 2025, [&hellip;]<\/p>\n","protected":false},"author":5,"featured_media":0,"parent":0,"menu_order":0,"comment_status":"closed","ping_status":"closed","template":"","meta":[],"_links":{"self":[{"href":"https:\/\/www.stredoeuropskepohlady.fss.ukf.sk\/index.php?rest_route=\/wp\/v2\/pages\/6859"}],"collection":[{"href":"https:\/\/www.stredoeuropskepohlady.fss.ukf.sk\/index.php?rest_route=\/wp\/v2\/pages"}],"about":[{"href":"https:\/\/www.stredoeuropskepohlady.fss.ukf.sk\/index.php?rest_route=\/wp\/v2\/types\/page"}],"author":[{"embeddable":true,"href":"https:\/\/www.stredoeuropskepohlady.fss.ukf.sk\/index.php?rest_route=\/wp\/v2\/users\/5"}],"replies":[{"embeddable":true,"href":"https:\/\/www.stredoeuropskepohlady.fss.ukf.sk\/index.php?rest_route=%2Fwp%2Fv2%2Fcomments&post=6859"}],"version-history":[{"count":3,"href":"https:\/\/www.stredoeuropskepohlady.fss.ukf.sk\/index.php?rest_route=\/wp\/v2\/pages\/6859\/revisions"}],"predecessor-version":[{"id":6920,"href":"https:\/\/www.stredoeuropskepohlady.fss.ukf.sk\/index.php?rest_route=\/wp\/v2\/pages\/6859\/revisions\/6920"}],"wp:attachment":[{"href":"https:\/\/www.stredoeuropskepohlady.fss.ukf.sk\/index.php?rest_route=%2Fwp%2Fv2%2Fmedia&parent=6859"}],"curies":[{"name":"wp","href":"https:\/\/api.w.org\/{rel}","templated":true}]}}