{"id":6857,"date":"2025-12-27T19:03:29","date_gmt":"2025-12-27T18:03:29","guid":{"rendered":"https:\/\/www.stredoeuropskepohlady.fss.ukf.sk\/?page_id=6857"},"modified":"2026-04-07T15:01:46","modified_gmt":"2026-04-07T13:01:46","slug":"z-historie-nitrianskej-literarnovednej-skoly-spolupraca-s-polskymi-teoretikmi-literatury-v-rokoch-1967-1975-rozhlady","status":"publish","type":"page","link":"https:\/\/www.stredoeuropskepohlady.fss.ukf.sk\/?page_id=6857","title":{"rendered":"Z\u00a0hist\u00f3rie nitrianskej liter\u00e1rnovednej \u0161koly: spolupr\u00e1ca s\u00a0po\u013esk\u00fdmi teoretikmi literat\u00fary v\u00a0rokoch 1967\u00a0\u2013 1975\u00a0(rozh\u013eady)"},"content":{"rendered":"<h2 style=\"text-align: center;\">From the History of the Nitra Literary School: Cooperation with Polish Literary Theorists in the Years 1967\u00a0\u2013 1975\u00a0(Outlook)<\/h2>\n<h3>M\u00e1ria Valentov\u00e1<\/h3>\n<p><strong><span style=\"color: #666666;\">IN:\u00a0<\/span><\/strong><span style=\"color: #666666;\">Stredoeur\u00f3pske poh\u013eady, Vol. VII, Issue 2, 2025, p. 99-106, ISSN 2644-6367 (print), ISSN-2644-6472 (online)<\/span><\/p>\n<p><a href=\"https:\/\/www.stredoeuropskepohlady.fss.ukf.sk\/wp-content\/uploads\/2026\/02\/Stredouropske-pohlady-2025-02-11.pdf\"><strong>PDF<\/strong><\/a><\/p>\n","protected":false},"excerpt":{"rendered":"<p>From the History of the Nitra Literary School: Cooperation with Polish Literary Theorists in the [&hellip;]<\/p>\n","protected":false},"author":5,"featured_media":0,"parent":0,"menu_order":0,"comment_status":"closed","ping_status":"closed","template":"","meta":[],"_links":{"self":[{"href":"https:\/\/www.stredoeuropskepohlady.fss.ukf.sk\/index.php?rest_route=\/wp\/v2\/pages\/6857"}],"collection":[{"href":"https:\/\/www.stredoeuropskepohlady.fss.ukf.sk\/index.php?rest_route=\/wp\/v2\/pages"}],"about":[{"href":"https:\/\/www.stredoeuropskepohlady.fss.ukf.sk\/index.php?rest_route=\/wp\/v2\/types\/page"}],"author":[{"embeddable":true,"href":"https:\/\/www.stredoeuropskepohlady.fss.ukf.sk\/index.php?rest_route=\/wp\/v2\/users\/5"}],"replies":[{"embeddable":true,"href":"https:\/\/www.stredoeuropskepohlady.fss.ukf.sk\/index.php?rest_route=%2Fwp%2Fv2%2Fcomments&post=6857"}],"version-history":[{"count":2,"href":"https:\/\/www.stredoeuropskepohlady.fss.ukf.sk\/index.php?rest_route=\/wp\/v2\/pages\/6857\/revisions"}],"predecessor-version":[{"id":6924,"href":"https:\/\/www.stredoeuropskepohlady.fss.ukf.sk\/index.php?rest_route=\/wp\/v2\/pages\/6857\/revisions\/6924"}],"wp:attachment":[{"href":"https:\/\/www.stredoeuropskepohlady.fss.ukf.sk\/index.php?rest_route=%2Fwp%2Fv2%2Fmedia&parent=6857"}],"curies":[{"name":"wp","href":"https:\/\/api.w.org\/{rel}","templated":true}]}}