{"id":6847,"date":"2025-12-27T18:59:56","date_gmt":"2025-12-27T17:59:56","guid":{"rendered":"https:\/\/www.stredoeuropskepohlady.fss.ukf.sk\/?page_id=6847"},"modified":"2026-02-25T12:46:20","modified_gmt":"2026-02-25T11:46:20","slug":"czech-slovak-and-hungarian-literature-in-secondary-school-world-literature-textbooks-a-mutual-comparison","status":"publish","type":"page","link":"https:\/\/www.stredoeuropskepohlady.fss.ukf.sk\/?page_id=6847","title":{"rendered":"Czech, Slovak, and Hungarian Literature in Secondary School World Literature Textbooks: A Mutual Comparison"},"content":{"rendered":"<h2 style=\"text-align: center;\">\u010cesk\u00e1, slovensk\u00e1 a\u00a0ma\u010farsk\u00e1 literat\u00fara v\u00a0stredo\u0161kolsk\u00fdch u\u010debniciach svetovej literat\u00fary: vz\u00e1jomn\u00e9 porovnanie<\/h2>\n<h3>Martin Schacherl<\/h3>\n<p><strong><span style=\"color: #666666;\">IN:\u00a0<\/span><\/strong><span style=\"color: #666666;\">Stredoeur\u00f3pske poh\u013eady, Vol. VII, Issue 2, 2025, p. 50-63, ISSN 2644-6367 (print), ISSN-2644-6472 (online)<\/span><\/p>\n<p><a href=\"\/wp-content\/uploads\/2026\/02\/Stredouropske-pohlady-2025-02-06.pdf\"><strong>PDF<\/strong><\/a><\/p>\n","protected":false},"excerpt":{"rendered":"<p>\u010cesk\u00e1, slovensk\u00e1 a\u00a0ma\u010farsk\u00e1 literat\u00fara v\u00a0stredo\u0161kolsk\u00fdch u\u010debniciach svetovej literat\u00fary: vz\u00e1jomn\u00e9 porovnanie Martin Schacherl IN:\u00a0Stredoeur\u00f3pske poh\u013eady, Vol. [&hellip;]<\/p>\n","protected":false},"author":5,"featured_media":0,"parent":0,"menu_order":0,"comment_status":"closed","ping_status":"closed","template":"","meta":[],"_links":{"self":[{"href":"https:\/\/www.stredoeuropskepohlady.fss.ukf.sk\/index.php?rest_route=\/wp\/v2\/pages\/6847"}],"collection":[{"href":"https:\/\/www.stredoeuropskepohlady.fss.ukf.sk\/index.php?rest_route=\/wp\/v2\/pages"}],"about":[{"href":"https:\/\/www.stredoeuropskepohlady.fss.ukf.sk\/index.php?rest_route=\/wp\/v2\/types\/page"}],"author":[{"embeddable":true,"href":"https:\/\/www.stredoeuropskepohlady.fss.ukf.sk\/index.php?rest_route=\/wp\/v2\/users\/5"}],"replies":[{"embeddable":true,"href":"https:\/\/www.stredoeuropskepohlady.fss.ukf.sk\/index.php?rest_route=%2Fwp%2Fv2%2Fcomments&post=6847"}],"version-history":[{"count":4,"href":"https:\/\/www.stredoeuropskepohlady.fss.ukf.sk\/index.php?rest_route=\/wp\/v2\/pages\/6847\/revisions"}],"predecessor-version":[{"id":6902,"href":"https:\/\/www.stredoeuropskepohlady.fss.ukf.sk\/index.php?rest_route=\/wp\/v2\/pages\/6847\/revisions\/6902"}],"wp:attachment":[{"href":"https:\/\/www.stredoeuropskepohlady.fss.ukf.sk\/index.php?rest_route=%2Fwp%2Fv2%2Fmedia&parent=6847"}],"curies":[{"name":"wp","href":"https:\/\/api.w.org\/{rel}","templated":true}]}}