{"id":6845,"date":"2025-12-27T18:59:13","date_gmt":"2025-12-27T17:59:13","guid":{"rendered":"https:\/\/www.stredoeuropskepohlady.fss.ukf.sk\/?page_id=6845"},"modified":"2026-02-25T12:46:02","modified_gmt":"2026-02-25T11:46:02","slug":"stredoevropske-pribehy-ceske-literatury-mezi-humanitou-a-kycem","status":"publish","type":"page","link":"https:\/\/www.stredoeuropskepohlady.fss.ukf.sk\/?page_id=6845","title":{"rendered":"St\u0159edoevropsk\u00e9 p\u0159\u00edb\u011bhy \u010desk\u00e9 literatury. Mezi humanitou a\u00a0k\u00fd\u010dem"},"content":{"rendered":"<h2 style=\"text-align: center;\">Central European Stories in the Czech Literature. Between Humanity and Kitsch<\/h2>\n<h3>Jakub Chrob\u00e1k<\/h3>\n<p><strong><span style=\"color: #666666;\">IN:\u00a0<\/span><\/strong><span style=\"color: #666666;\">Stredoeur\u00f3pske poh\u013eady, Vol. VII, Issue 2, 2025, p. 40-49, ISSN 2644-6367 (print), ISSN-2644-6472 (online)<\/span><\/p>\n<p><a href=\"\/wp-content\/uploads\/2026\/02\/Stredouropske-pohlady-2025-02-05.pdf\"><strong>PDF<\/strong><\/a><\/p>\n","protected":false},"excerpt":{"rendered":"<p>Central European Stories in the Czech Literature. Between Humanity and Kitsch Jakub Chrob\u00e1k IN:\u00a0Stredoeur\u00f3pske poh\u013eady, [&hellip;]<\/p>\n","protected":false},"author":5,"featured_media":0,"parent":0,"menu_order":0,"comment_status":"closed","ping_status":"closed","template":"","meta":[],"_links":{"self":[{"href":"https:\/\/www.stredoeuropskepohlady.fss.ukf.sk\/index.php?rest_route=\/wp\/v2\/pages\/6845"}],"collection":[{"href":"https:\/\/www.stredoeuropskepohlady.fss.ukf.sk\/index.php?rest_route=\/wp\/v2\/pages"}],"about":[{"href":"https:\/\/www.stredoeuropskepohlady.fss.ukf.sk\/index.php?rest_route=\/wp\/v2\/types\/page"}],"author":[{"embeddable":true,"href":"https:\/\/www.stredoeuropskepohlady.fss.ukf.sk\/index.php?rest_route=\/wp\/v2\/users\/5"}],"replies":[{"embeddable":true,"href":"https:\/\/www.stredoeuropskepohlady.fss.ukf.sk\/index.php?rest_route=%2Fwp%2Fv2%2Fcomments&post=6845"}],"version-history":[{"count":3,"href":"https:\/\/www.stredoeuropskepohlady.fss.ukf.sk\/index.php?rest_route=\/wp\/v2\/pages\/6845\/revisions"}],"predecessor-version":[{"id":6900,"href":"https:\/\/www.stredoeuropskepohlady.fss.ukf.sk\/index.php?rest_route=\/wp\/v2\/pages\/6845\/revisions\/6900"}],"wp:attachment":[{"href":"https:\/\/www.stredoeuropskepohlady.fss.ukf.sk\/index.php?rest_route=%2Fwp%2Fv2%2Fmedia&parent=6845"}],"curies":[{"name":"wp","href":"https:\/\/api.w.org\/{rel}","templated":true}]}}