{"id":6843,"date":"2025-12-27T18:58:23","date_gmt":"2025-12-27T17:58:23","guid":{"rendered":"https:\/\/www.stredoeuropskepohlady.fss.ukf.sk\/?page_id=6843"},"modified":"2026-02-25T12:45:49","modified_gmt":"2026-02-25T11:45:49","slug":"ceska-zdvorilost-ocima-slovenskych-a-polskych-mluvcich-didakticka-reflexe","status":"publish","type":"page","link":"https:\/\/www.stredoeuropskepohlady.fss.ukf.sk\/?page_id=6843","title":{"rendered":"\u010cesk\u00e1 zdvo\u0159ilost o\u010dima slovensk\u00fdch a polsk\u00fdch mluv\u010d\u00edch (didaktick\u00e1 reflexe)"},"content":{"rendered":"<h2 style=\"text-align: center;\">Czech Politeness through the Eyes of Slovak and Polish Speakers (Didactic Reflection)<\/h2>\n<h3>Magdal\u00e9na Lap\u00fanikov\u00e1 \u2013 Marcel Kl\u00ednek<\/h3>\n<p><strong><span style=\"color: #666666;\">IN:\u00a0<\/span><\/strong><span style=\"color: #666666;\">Stredoeur\u00f3pske poh\u013eady, Vol. VII, Issue 2, 2025, p. 30-39, ISSN 2644-6367 (print), ISSN-2644-6472 (online)<\/span><\/p>\n<p><a href=\"\/wp-content\/uploads\/2026\/02\/Stredouropske-pohlady-2025-02-04.pdf\"><strong>PDF<\/strong><\/a><\/p>\n","protected":false},"excerpt":{"rendered":"<p>Czech Politeness through the Eyes of Slovak and Polish Speakers (Didactic Reflection) Magdal\u00e9na Lap\u00fanikov\u00e1 \u2013 [&hellip;]<\/p>\n","protected":false},"author":5,"featured_media":0,"parent":0,"menu_order":0,"comment_status":"closed","ping_status":"closed","template":"","meta":[],"_links":{"self":[{"href":"https:\/\/www.stredoeuropskepohlady.fss.ukf.sk\/index.php?rest_route=\/wp\/v2\/pages\/6843"}],"collection":[{"href":"https:\/\/www.stredoeuropskepohlady.fss.ukf.sk\/index.php?rest_route=\/wp\/v2\/pages"}],"about":[{"href":"https:\/\/www.stredoeuropskepohlady.fss.ukf.sk\/index.php?rest_route=\/wp\/v2\/types\/page"}],"author":[{"embeddable":true,"href":"https:\/\/www.stredoeuropskepohlady.fss.ukf.sk\/index.php?rest_route=\/wp\/v2\/users\/5"}],"replies":[{"embeddable":true,"href":"https:\/\/www.stredoeuropskepohlady.fss.ukf.sk\/index.php?rest_route=%2Fwp%2Fv2%2Fcomments&post=6843"}],"version-history":[{"count":3,"href":"https:\/\/www.stredoeuropskepohlady.fss.ukf.sk\/index.php?rest_route=\/wp\/v2\/pages\/6843\/revisions"}],"predecessor-version":[{"id":6899,"href":"https:\/\/www.stredoeuropskepohlady.fss.ukf.sk\/index.php?rest_route=\/wp\/v2\/pages\/6843\/revisions\/6899"}],"wp:attachment":[{"href":"https:\/\/www.stredoeuropskepohlady.fss.ukf.sk\/index.php?rest_route=%2Fwp%2Fv2%2Fmedia&parent=6843"}],"curies":[{"name":"wp","href":"https:\/\/api.w.org\/{rel}","templated":true}]}}