{"id":6686,"date":"2025-07-19T16:11:00","date_gmt":"2025-07-19T14:11:00","guid":{"rendered":"https:\/\/www.stredoeuropskepohlady.fss.ukf.sk\/?page_id=6686"},"modified":"2025-12-27T18:51:12","modified_gmt":"2025-12-27T17:51:12","slug":"natalia-borodinova-prazsky-scenar-recenzia","status":"publish","type":"page","link":"https:\/\/www.stredoeuropskepohlady.fss.ukf.sk\/?page_id=6686","title":{"rendered":"Natalia Borodinov\u00e1<nobr>&nbsp;\u2013&nbsp;<\/nobr><em>Pra\u017esk\u00fd sc\u00e9n\u00e1\u0159<\/em> (recenzia)"},"content":{"rendered":"<h2 style=\"text-align: center;\">Natalia Borodinov\u00e1\u00a0\u2013\u00a0<em>Pra\u017esk\u00fd sc\u00e9n\u00e1\u0159<\/em> (Review)<\/h2>\n<h3>Milan Blahynka<\/h3>\n<p><strong><span style=\"color: #666666;\">IN:\u00a0<\/span><\/strong><span style=\"color: #666666;\">Stredoeur\u00f3pske poh\u013eady, Vol. VII, Issue 1, 2025, p. 103-105, ISSN 2644-6367 (print), ISSN-2644-6472 (online)<\/span><\/p>\n<p><a href=\"http:\/\/www.stredoeuropskepohlady.fss.ukf.sk\/wp-content\/uploads\/2025\/07\/12-Blahynka.pdf\"><strong>PDF<\/strong><\/a><\/p>\n","protected":false},"excerpt":{"rendered":"<p>Natalia Borodinov\u00e1\u00a0\u2013\u00a0Pra\u017esk\u00fd sc\u00e9n\u00e1\u0159 (Review) Milan Blahynka IN:\u00a0Stredoeur\u00f3pske poh\u013eady, Vol. VII, Issue 1, 2025, p. 103-105, [&hellip;]<\/p>\n","protected":false},"author":5,"featured_media":0,"parent":0,"menu_order":0,"comment_status":"closed","ping_status":"closed","template":"","meta":[],"_links":{"self":[{"href":"https:\/\/www.stredoeuropskepohlady.fss.ukf.sk\/index.php?rest_route=\/wp\/v2\/pages\/6686"}],"collection":[{"href":"https:\/\/www.stredoeuropskepohlady.fss.ukf.sk\/index.php?rest_route=\/wp\/v2\/pages"}],"about":[{"href":"https:\/\/www.stredoeuropskepohlady.fss.ukf.sk\/index.php?rest_route=\/wp\/v2\/types\/page"}],"author":[{"embeddable":true,"href":"https:\/\/www.stredoeuropskepohlady.fss.ukf.sk\/index.php?rest_route=\/wp\/v2\/users\/5"}],"replies":[{"embeddable":true,"href":"https:\/\/www.stredoeuropskepohlady.fss.ukf.sk\/index.php?rest_route=%2Fwp%2Fv2%2Fcomments&post=6686"}],"version-history":[{"count":4,"href":"https:\/\/www.stredoeuropskepohlady.fss.ukf.sk\/index.php?rest_route=\/wp\/v2\/pages\/6686\/revisions"}],"predecessor-version":[{"id":6831,"href":"https:\/\/www.stredoeuropskepohlady.fss.ukf.sk\/index.php?rest_route=\/wp\/v2\/pages\/6686\/revisions\/6831"}],"wp:attachment":[{"href":"https:\/\/www.stredoeuropskepohlady.fss.ukf.sk\/index.php?rest_route=%2Fwp%2Fv2%2Fmedia&parent=6686"}],"curies":[{"name":"wp","href":"https:\/\/api.w.org\/{rel}","templated":true}]}}