{"id":6683,"date":"2025-07-19T16:09:33","date_gmt":"2025-07-19T14:09:33","guid":{"rendered":"https:\/\/www.stredoeuropskepohlady.fss.ukf.sk\/?page_id=6683"},"modified":"2025-12-27T18:51:03","modified_gmt":"2025-12-27T17:51:03","slug":"denisa-fulmekova-my-pojdeme-inokedy-recenzia","status":"publish","type":"page","link":"https:\/\/www.stredoeuropskepohlady.fss.ukf.sk\/?page_id=6683","title":{"rendered":"Denisa Fulmekov\u00e1<nobr>&nbsp;\u2013&nbsp;<\/nobr><em>My p\u00f4jdeme inokedy<\/em> (recenzia)"},"content":{"rendered":"<h2 style=\"text-align: center;\">Denisa Fulmekov\u00e1\u00a0\u2013\u00a0<em>My p\u00f4jdeme inokedy<\/em> (Review)<\/h2>\n<h3>Marta \u017dilkov\u00e1<\/h3>\n<p><strong><span style=\"color: #666666;\">IN:\u00a0<\/span><\/strong><span style=\"color: #666666;\">Stredoeur\u00f3pske poh\u013eady, Vol. VII, Issue 1, 2025, p. 101-102, ISSN 2644-6367 (print), ISSN-2644-6472 (online)<\/span><\/p>\n<p><a href=\"http:\/\/www.stredoeuropskepohlady.fss.ukf.sk\/wp-content\/uploads\/2025\/07\/11-Zilkova.pdf\"><strong>PDF<\/strong><\/a><\/p>\n","protected":false},"excerpt":{"rendered":"<p>Denisa Fulmekov\u00e1\u00a0\u2013\u00a0My p\u00f4jdeme inokedy (Review) Marta \u017dilkov\u00e1 IN:\u00a0Stredoeur\u00f3pske poh\u013eady, Vol. VII, Issue 1, 2025, p. [&hellip;]<\/p>\n","protected":false},"author":5,"featured_media":0,"parent":0,"menu_order":0,"comment_status":"closed","ping_status":"closed","template":"","meta":[],"_links":{"self":[{"href":"https:\/\/www.stredoeuropskepohlady.fss.ukf.sk\/index.php?rest_route=\/wp\/v2\/pages\/6683"}],"collection":[{"href":"https:\/\/www.stredoeuropskepohlady.fss.ukf.sk\/index.php?rest_route=\/wp\/v2\/pages"}],"about":[{"href":"https:\/\/www.stredoeuropskepohlady.fss.ukf.sk\/index.php?rest_route=\/wp\/v2\/types\/page"}],"author":[{"embeddable":true,"href":"https:\/\/www.stredoeuropskepohlady.fss.ukf.sk\/index.php?rest_route=\/wp\/v2\/users\/5"}],"replies":[{"embeddable":true,"href":"https:\/\/www.stredoeuropskepohlady.fss.ukf.sk\/index.php?rest_route=%2Fwp%2Fv2%2Fcomments&post=6683"}],"version-history":[{"count":4,"href":"https:\/\/www.stredoeuropskepohlady.fss.ukf.sk\/index.php?rest_route=\/wp\/v2\/pages\/6683\/revisions"}],"predecessor-version":[{"id":6830,"href":"https:\/\/www.stredoeuropskepohlady.fss.ukf.sk\/index.php?rest_route=\/wp\/v2\/pages\/6683\/revisions\/6830"}],"wp:attachment":[{"href":"https:\/\/www.stredoeuropskepohlady.fss.ukf.sk\/index.php?rest_route=%2Fwp%2Fv2%2Fmedia&parent=6683"}],"curies":[{"name":"wp","href":"https:\/\/api.w.org\/{rel}","templated":true}]}}