{"id":6681,"date":"2025-07-19T16:08:45","date_gmt":"2025-07-19T14:08:45","guid":{"rendered":"https:\/\/www.stredoeuropskepohlady.fss.ukf.sk\/?page_id=6681"},"modified":"2025-12-27T18:50:54","modified_gmt":"2025-12-27T17:50:54","slug":"armando-gnisci-a-jeho-studie-o-talianskej-emigrantskej-kulture-rozhlady","status":"publish","type":"page","link":"https:\/\/www.stredoeuropskepohlady.fss.ukf.sk\/?page_id=6681","title":{"rendered":"Armando Gnisci a&nbsp;jeho \u0161t\u00fadie o&nbsp;talianskej emigrantskej kult\u00fare (rozh\u013eady)"},"content":{"rendered":"<h2 style=\"text-align: center;\">Armando Gnisci and His Studies on Italian Emigrant Culture (Outlook)<\/h2>\n<h3>Armando Gnisci<\/h3>\n<p><strong><span style=\"color: #666666;\">IN:\u00a0<\/span><\/strong><span style=\"color: #666666;\">Stredoeur\u00f3pske poh\u013eady, Vol. VII, Issue 1, 2025, p. 80-100, ISSN 2644-6367 (print), ISSN-2644-6472 (online)<\/span><\/p>\n<p><a href=\"http:\/\/www.stredoeuropskepohlady.fss.ukf.sk\/wp-content\/uploads\/2025\/07\/10-Gnisci.pdf\"><strong>PDF<\/strong><\/a><\/p>\n","protected":false},"excerpt":{"rendered":"<p>Armando Gnisci and His Studies on Italian Emigrant Culture (Outlook) Armando Gnisci IN:\u00a0Stredoeur\u00f3pske poh\u013eady, Vol. [&hellip;]<\/p>\n","protected":false},"author":5,"featured_media":0,"parent":0,"menu_order":0,"comment_status":"closed","ping_status":"closed","template":"","meta":[],"_links":{"self":[{"href":"https:\/\/www.stredoeuropskepohlady.fss.ukf.sk\/index.php?rest_route=\/wp\/v2\/pages\/6681"}],"collection":[{"href":"https:\/\/www.stredoeuropskepohlady.fss.ukf.sk\/index.php?rest_route=\/wp\/v2\/pages"}],"about":[{"href":"https:\/\/www.stredoeuropskepohlady.fss.ukf.sk\/index.php?rest_route=\/wp\/v2\/types\/page"}],"author":[{"embeddable":true,"href":"https:\/\/www.stredoeuropskepohlady.fss.ukf.sk\/index.php?rest_route=\/wp\/v2\/users\/5"}],"replies":[{"embeddable":true,"href":"https:\/\/www.stredoeuropskepohlady.fss.ukf.sk\/index.php?rest_route=%2Fwp%2Fv2%2Fcomments&post=6681"}],"version-history":[{"count":5,"href":"https:\/\/www.stredoeuropskepohlady.fss.ukf.sk\/index.php?rest_route=\/wp\/v2\/pages\/6681\/revisions"}],"predecessor-version":[{"id":6829,"href":"https:\/\/www.stredoeuropskepohlady.fss.ukf.sk\/index.php?rest_route=\/wp\/v2\/pages\/6681\/revisions\/6829"}],"wp:attachment":[{"href":"https:\/\/www.stredoeuropskepohlady.fss.ukf.sk\/index.php?rest_route=%2Fwp%2Fv2%2Fmedia&parent=6681"}],"curies":[{"name":"wp","href":"https:\/\/api.w.org\/{rel}","templated":true}]}}