{"id":6675,"date":"2025-07-19T16:06:00","date_gmt":"2025-07-19T14:06:00","guid":{"rendered":"https:\/\/www.stredoeuropskepohlady.fss.ukf.sk\/?page_id=6675"},"modified":"2025-12-27T18:49:53","modified_gmt":"2025-12-27T17:49:53","slug":"milan-kundera-a-svetova-literatura-v-literarnich-priruckach-pro-stredni-skoly","status":"publish","type":"page","link":"https:\/\/www.stredoeuropskepohlady.fss.ukf.sk\/?page_id=6675","title":{"rendered":"Milan Kundera a&nbsp;\u201esv\u011btov\u00e1 literatura\u201c v&nbsp;liter\u00e1rn\u00edch p\u0159\u00edru\u010dk\u00e1ch pro st\u0159edn\u00ed \u0161koly"},"content":{"rendered":"<h2 style=\"text-align: center;\">Milan Kundera and \u201cWorld Literature\u201d in Literary Textbooks for Secondary Schools<\/h2>\n<h3>Alexej Mikul\u00e1\u0161ek<\/h3>\n<p><strong><span style=\"color: #666666;\">IN:\u00a0<\/span><\/strong><span style=\"color: #666666;\">Stredoeur\u00f3pske poh\u013eady, Vol. VII, Issue 1, 2025, p. 61-70, ISSN 2644-6367 (print), ISSN-2644-6472 (online)<\/span><\/p>\n<p><a href=\"http:\/\/www.stredoeuropskepohlady.fss.ukf.sk\/wp-content\/uploads\/2025\/07\/07-Mikulasek.pdf\"><strong>PDF<\/strong><\/a><\/p>\n","protected":false},"excerpt":{"rendered":"<p>Milan Kundera and \u201cWorld Literature\u201d in Literary Textbooks for Secondary Schools Alexej Mikul\u00e1\u0161ek IN:\u00a0Stredoeur\u00f3pske poh\u013eady, [&hellip;]<\/p>\n","protected":false},"author":5,"featured_media":0,"parent":0,"menu_order":0,"comment_status":"closed","ping_status":"closed","template":"","meta":[],"_links":{"self":[{"href":"https:\/\/www.stredoeuropskepohlady.fss.ukf.sk\/index.php?rest_route=\/wp\/v2\/pages\/6675"}],"collection":[{"href":"https:\/\/www.stredoeuropskepohlady.fss.ukf.sk\/index.php?rest_route=\/wp\/v2\/pages"}],"about":[{"href":"https:\/\/www.stredoeuropskepohlady.fss.ukf.sk\/index.php?rest_route=\/wp\/v2\/types\/page"}],"author":[{"embeddable":true,"href":"https:\/\/www.stredoeuropskepohlady.fss.ukf.sk\/index.php?rest_route=\/wp\/v2\/users\/5"}],"replies":[{"embeddable":true,"href":"https:\/\/www.stredoeuropskepohlady.fss.ukf.sk\/index.php?rest_route=%2Fwp%2Fv2%2Fcomments&post=6675"}],"version-history":[{"count":4,"href":"https:\/\/www.stredoeuropskepohlady.fss.ukf.sk\/index.php?rest_route=\/wp\/v2\/pages\/6675\/revisions"}],"predecessor-version":[{"id":6826,"href":"https:\/\/www.stredoeuropskepohlady.fss.ukf.sk\/index.php?rest_route=\/wp\/v2\/pages\/6675\/revisions\/6826"}],"wp:attachment":[{"href":"https:\/\/www.stredoeuropskepohlady.fss.ukf.sk\/index.php?rest_route=%2Fwp%2Fv2%2Fmedia&parent=6675"}],"curies":[{"name":"wp","href":"https:\/\/api.w.org\/{rel}","templated":true}]}}