{"id":6663,"date":"2025-07-19T16:00:56","date_gmt":"2025-07-19T14:00:56","guid":{"rendered":"https:\/\/www.stredoeuropskepohlady.fss.ukf.sk\/?page_id=6663"},"modified":"2025-12-27T18:48:40","modified_gmt":"2025-12-27T17:48:40","slug":"hladanie-hranic-v-prekladoch-kunderovej-eseje-uneseny-zapad-aneb-tragedie-stredni-evropy","status":"publish","type":"page","link":"https:\/\/www.stredoeuropskepohlady.fss.ukf.sk\/?page_id=6663","title":{"rendered":"H\u013eadanie hran\u00edc v&nbsp;prekladoch Kunderovej eseje <em>Unesen\u00fd Z\u00e1pad aneb trag\u00e9die st\u0159edn\u00ed Evropy<\/em>"},"content":{"rendered":"<h2 style=\"text-align: center;\">Searching for Borders in the Translations of Kundera\u2019s Essay <em>The Kidnapped West or the Tragedy of Central Europe<\/em><\/h2>\n<h3>Charles Sabatos<\/h3>\n<p><strong><span style=\"color: #666666;\">IN:\u00a0<\/span><\/strong><span style=\"color: #666666;\">Stredoeur\u00f3pske poh\u013eady, Vol. VII, Issue 1, 2025, p. 7-16, ISSN 2644-6367 (print), ISSN-2644-6472 (online)<\/span><\/p>\n<p><a href=\"http:\/\/www.stredoeuropskepohlady.fss.ukf.sk\/wp-content\/uploads\/2025\/07\/01-Sabatos.pdf\"><strong>PDF<\/strong><\/a><\/p>\n","protected":false},"excerpt":{"rendered":"<p>Searching for Borders in the Translations of Kundera\u2019s Essay The Kidnapped West or the Tragedy [&hellip;]<\/p>\n","protected":false},"author":5,"featured_media":0,"parent":0,"menu_order":0,"comment_status":"closed","ping_status":"closed","template":"","meta":[],"_links":{"self":[{"href":"https:\/\/www.stredoeuropskepohlady.fss.ukf.sk\/index.php?rest_route=\/wp\/v2\/pages\/6663"}],"collection":[{"href":"https:\/\/www.stredoeuropskepohlady.fss.ukf.sk\/index.php?rest_route=\/wp\/v2\/pages"}],"about":[{"href":"https:\/\/www.stredoeuropskepohlady.fss.ukf.sk\/index.php?rest_route=\/wp\/v2\/types\/page"}],"author":[{"embeddable":true,"href":"https:\/\/www.stredoeuropskepohlady.fss.ukf.sk\/index.php?rest_route=\/wp\/v2\/users\/5"}],"replies":[{"embeddable":true,"href":"https:\/\/www.stredoeuropskepohlady.fss.ukf.sk\/index.php?rest_route=%2Fwp%2Fv2%2Fcomments&post=6663"}],"version-history":[{"count":4,"href":"https:\/\/www.stredoeuropskepohlady.fss.ukf.sk\/index.php?rest_route=\/wp\/v2\/pages\/6663\/revisions"}],"predecessor-version":[{"id":6819,"href":"https:\/\/www.stredoeuropskepohlady.fss.ukf.sk\/index.php?rest_route=\/wp\/v2\/pages\/6663\/revisions\/6819"}],"wp:attachment":[{"href":"https:\/\/www.stredoeuropskepohlady.fss.ukf.sk\/index.php?rest_route=%2Fwp%2Fv2%2Fmedia&parent=6663"}],"curies":[{"name":"wp","href":"https:\/\/api.w.org\/{rel}","templated":true}]}}