{"id":6543,"date":"2024-12-21T14:48:11","date_gmt":"2024-12-21T13:48:11","guid":{"rendered":"https:\/\/www.stredoeuropskepohlady.fss.ukf.sk\/?page_id=6543"},"modified":"2025-01-23T10:43:43","modified_gmt":"2025-01-23T09:43:43","slug":"medzinarodna-vedecka-konferencia-o-milanovi-kunderovi-rozhlady","status":"publish","type":"page","link":"https:\/\/www.stredoeuropskepohlady.fss.ukf.sk\/?page_id=6543","title":{"rendered":"Medzin\u00e1rodn\u00e1 vedeck\u00e1 konferencia o\u00a0Milanovi Kunderovi (rozh\u013eady)"},"content":{"rendered":"<h2 style=\"text-align: center;\">International Scientific Conference On Milan Kundera (Outlook)<\/h2>\n<h3>R\u00e9ka Antalov\u00e1<\/h3>\n<p><strong><span style=\"color: #666666;\">IN:\u00a0<\/span><\/strong><span style=\"color: #666666;\">Stredoeur\u00f3pske poh\u013eady, Vol. VI, Issue 2, 2024, p. 113-114, ISSN 2644-6367 (print), ISSN-2644-6472 (online)<\/span><\/p>\n<p><a href=\"\/wp-content\/uploads\/2025\/01\/SP_2024_02_113-114.pdf\"><strong>PDF<\/strong><\/a><\/p>\n","protected":false},"excerpt":{"rendered":"<p>International Scientific Conference On Milan Kundera (Outlook) R\u00e9ka Antalov\u00e1 IN:\u00a0Stredoeur\u00f3pske poh\u013eady, Vol. VI, Issue 2, [&hellip;]<\/p>\n","protected":false},"author":5,"featured_media":0,"parent":0,"menu_order":0,"comment_status":"closed","ping_status":"closed","template":"","meta":[],"_links":{"self":[{"href":"https:\/\/www.stredoeuropskepohlady.fss.ukf.sk\/index.php?rest_route=\/wp\/v2\/pages\/6543"}],"collection":[{"href":"https:\/\/www.stredoeuropskepohlady.fss.ukf.sk\/index.php?rest_route=\/wp\/v2\/pages"}],"about":[{"href":"https:\/\/www.stredoeuropskepohlady.fss.ukf.sk\/index.php?rest_route=\/wp\/v2\/types\/page"}],"author":[{"embeddable":true,"href":"https:\/\/www.stredoeuropskepohlady.fss.ukf.sk\/index.php?rest_route=\/wp\/v2\/users\/5"}],"replies":[{"embeddable":true,"href":"https:\/\/www.stredoeuropskepohlady.fss.ukf.sk\/index.php?rest_route=%2Fwp%2Fv2%2Fcomments&post=6543"}],"version-history":[{"count":3,"href":"https:\/\/www.stredoeuropskepohlady.fss.ukf.sk\/index.php?rest_route=\/wp\/v2\/pages\/6543\/revisions"}],"predecessor-version":[{"id":6618,"href":"https:\/\/www.stredoeuropskepohlady.fss.ukf.sk\/index.php?rest_route=\/wp\/v2\/pages\/6543\/revisions\/6618"}],"wp:attachment":[{"href":"https:\/\/www.stredoeuropskepohlady.fss.ukf.sk\/index.php?rest_route=%2Fwp%2Fv2%2Fmedia&parent=6543"}],"curies":[{"name":"wp","href":"https:\/\/api.w.org\/{rel}","templated":true}]}}