{"id":6527,"date":"2024-12-21T14:43:06","date_gmt":"2024-12-21T13:43:06","guid":{"rendered":"https:\/\/www.stredoeuropskepohlady.fss.ukf.sk\/?page_id=6527"},"modified":"2025-01-23T10:48:01","modified_gmt":"2025-01-23T09:48:01","slug":"judas-iskariotsky-v-prozaickej-tvorbe-jozefa-totha-a-gyorgya-ronaya","status":"publish","type":"page","link":"https:\/\/www.stredoeuropskepohlady.fss.ukf.sk\/?page_id=6527","title":{"rendered":"Jud\u00e1\u0161 I\u0161kariotsk\u00fd v\u00a0prozaickej tvorbe Jozefa T\u00f3tha a\u00a0Gy\u00f6rgya R\u00f3naya"},"content":{"rendered":"<h2 style=\"text-align: center;\">Judas Iscariot in the Prose Works of Jozef T\u00f3th and Gy\u00f6rgy R\u00f3nay<\/h2>\n<h3>J\u00e1n Gallik \u2013 Monika Adamick\u00e1<\/h3>\n<p><strong><span style=\"color: #666666;\">IN:\u00a0<\/span><\/strong><span style=\"color: #666666;\">Stredoeur\u00f3pske poh\u013eady, Vol. VI, Issue 2, 2024, p. 87-96, ISSN 2644-6367 (print), ISSN-2644-6472 (online)<\/span><\/p>\n<p><a href=\"\/wp-content\/uploads\/2025\/01\/SP_2024_02_087-096.pdf\"><strong>PDF<\/strong><\/a><\/p>\n","protected":false},"excerpt":{"rendered":"<p>Judas Iscariot in the Prose Works of Jozef T\u00f3th and Gy\u00f6rgy R\u00f3nay J\u00e1n Gallik \u2013 [&hellip;]<\/p>\n","protected":false},"author":5,"featured_media":0,"parent":0,"menu_order":0,"comment_status":"closed","ping_status":"closed","template":"","meta":[],"_links":{"self":[{"href":"https:\/\/www.stredoeuropskepohlady.fss.ukf.sk\/index.php?rest_route=\/wp\/v2\/pages\/6527"}],"collection":[{"href":"https:\/\/www.stredoeuropskepohlady.fss.ukf.sk\/index.php?rest_route=\/wp\/v2\/pages"}],"about":[{"href":"https:\/\/www.stredoeuropskepohlady.fss.ukf.sk\/index.php?rest_route=\/wp\/v2\/types\/page"}],"author":[{"embeddable":true,"href":"https:\/\/www.stredoeuropskepohlady.fss.ukf.sk\/index.php?rest_route=\/wp\/v2\/users\/5"}],"replies":[{"embeddable":true,"href":"https:\/\/www.stredoeuropskepohlady.fss.ukf.sk\/index.php?rest_route=%2Fwp%2Fv2%2Fcomments&post=6527"}],"version-history":[{"count":6,"href":"https:\/\/www.stredoeuropskepohlady.fss.ukf.sk\/index.php?rest_route=\/wp\/v2\/pages\/6527\/revisions"}],"predecessor-version":[{"id":6634,"href":"https:\/\/www.stredoeuropskepohlady.fss.ukf.sk\/index.php?rest_route=\/wp\/v2\/pages\/6527\/revisions\/6634"}],"wp:attachment":[{"href":"https:\/\/www.stredoeuropskepohlady.fss.ukf.sk\/index.php?rest_route=%2Fwp%2Fv2%2Fmedia&parent=6527"}],"curies":[{"name":"wp","href":"https:\/\/api.w.org\/{rel}","templated":true}]}}