{"id":6525,"date":"2024-12-21T14:42:18","date_gmt":"2024-12-21T13:42:18","guid":{"rendered":"https:\/\/www.stredoeuropskepohlady.fss.ukf.sk\/?page_id=6525"},"modified":"2024-12-21T14:42:19","modified_gmt":"2024-12-21T13:42:19","slug":"franz-kafka-a-moderna-porovnanie-motivu-nic-neznamenajucej-existencie-v-prazskej-nemeckej-tvorbe-a-v-slovenskej-moderne-2","status":"publish","type":"page","link":"https:\/\/www.stredoeuropskepohlady.fss.ukf.sk\/?page_id=6525","title":{"rendered":"Franz Kafka a\u00a0moderna (Porovnanie mot\u00edvu ni\u010d neznamenaj\u00facej existencie v\u00a0pra\u017eskej nemeckej tvorbe a\u00a0v slovenskej moderne)"},"content":{"rendered":"<h2 style=\"text-align: center;\">Franz Kafka and Modernity (Comparison of the Motive of a Meaningless Existence in Prague German Work and Slovak Modernity)<\/h2>\n<h3>M\u00e1ria B\u00e1torov\u00e1<\/h3>\n<p><strong><span style=\"color: #666666;\">IN:\u00a0<\/span><\/strong><span style=\"color: #666666;\">Stredoeur\u00f3pske poh\u013eady, Vol. VI, Issue 2, 2024, p. ?, ISSN 2644-6367 (print), ISSN-2644-6472 (online)<\/span><\/p>\n<p><a href=\"#\"><strong>PDF<\/strong><\/a><\/p>\n","protected":false},"excerpt":{"rendered":"<p>Franz Kafka and Modernity (Comparison of the Motive of a Meaningless Existence in Prague German [&hellip;]<\/p>\n","protected":false},"author":5,"featured_media":0,"parent":0,"menu_order":0,"comment_status":"closed","ping_status":"closed","template":"","meta":[],"_links":{"self":[{"href":"https:\/\/www.stredoeuropskepohlady.fss.ukf.sk\/index.php?rest_route=\/wp\/v2\/pages\/6525"}],"collection":[{"href":"https:\/\/www.stredoeuropskepohlady.fss.ukf.sk\/index.php?rest_route=\/wp\/v2\/pages"}],"about":[{"href":"https:\/\/www.stredoeuropskepohlady.fss.ukf.sk\/index.php?rest_route=\/wp\/v2\/types\/page"}],"author":[{"embeddable":true,"href":"https:\/\/www.stredoeuropskepohlady.fss.ukf.sk\/index.php?rest_route=\/wp\/v2\/users\/5"}],"replies":[{"embeddable":true,"href":"https:\/\/www.stredoeuropskepohlady.fss.ukf.sk\/index.php?rest_route=%2Fwp%2Fv2%2Fcomments&post=6525"}],"version-history":[{"count":1,"href":"https:\/\/www.stredoeuropskepohlady.fss.ukf.sk\/index.php?rest_route=\/wp\/v2\/pages\/6525\/revisions"}],"predecessor-version":[{"id":6526,"href":"https:\/\/www.stredoeuropskepohlady.fss.ukf.sk\/index.php?rest_route=\/wp\/v2\/pages\/6525\/revisions\/6526"}],"wp:attachment":[{"href":"https:\/\/www.stredoeuropskepohlady.fss.ukf.sk\/index.php?rest_route=%2Fwp%2Fv2%2Fmedia&parent=6525"}],"curies":[{"name":"wp","href":"https:\/\/api.w.org\/{rel}","templated":true}]}}