{"id":6523,"date":"2024-12-21T14:41:59","date_gmt":"2024-12-21T13:41:59","guid":{"rendered":"https:\/\/www.stredoeuropskepohlady.fss.ukf.sk\/?page_id=6523"},"modified":"2025-01-23T10:43:54","modified_gmt":"2025-01-23T09:43:54","slug":"franz-kafka-a-moderna-porovnanie-motivu-nic-neznamenajucej-existencie-v-prazskej-nemeckej-tvorbe-a-v-slovenskej-moderne","status":"publish","type":"page","link":"https:\/\/www.stredoeuropskepohlady.fss.ukf.sk\/?page_id=6523","title":{"rendered":"Franz Kafka a\u00a0moderna (Porovnanie mot\u00edvu ni\u010d neznamenaj\u00facej existencie v\u00a0pra\u017eskej nemeckej tvorbe a\u00a0v slovenskej moderne)"},"content":{"rendered":"<h2 style=\"text-align: center;\">Franz Kafka and Modernity (Comparison of the Motive of a Meaningless Existence in Prague German Work and Slovak Modernity)<\/h2>\n<h3>M\u00e1ria B\u00e1torov\u00e1<\/h3>\n<p><strong><span style=\"color: #666666;\">IN:\u00a0<\/span><\/strong><span style=\"color: #666666;\">Stredoeur\u00f3pske poh\u013eady, Vol. VI, Issue 2, 2024, p. 80-86, ISSN 2644-6367 (print), ISSN-2644-6472 (online)<\/span><\/p>\n<p><a href=\"\/wp-content\/uploads\/2025\/01\/SP_2024_02_080-086.pdf\"><strong>PDF<\/strong><\/a><\/p>\n","protected":false},"excerpt":{"rendered":"<p>Franz Kafka and Modernity (Comparison of the Motive of a Meaningless Existence in Prague German [&hellip;]<\/p>\n","protected":false},"author":5,"featured_media":0,"parent":0,"menu_order":0,"comment_status":"closed","ping_status":"closed","template":"","meta":[],"_links":{"self":[{"href":"https:\/\/www.stredoeuropskepohlady.fss.ukf.sk\/index.php?rest_route=\/wp\/v2\/pages\/6523"}],"collection":[{"href":"https:\/\/www.stredoeuropskepohlady.fss.ukf.sk\/index.php?rest_route=\/wp\/v2\/pages"}],"about":[{"href":"https:\/\/www.stredoeuropskepohlady.fss.ukf.sk\/index.php?rest_route=\/wp\/v2\/types\/page"}],"author":[{"embeddable":true,"href":"https:\/\/www.stredoeuropskepohlady.fss.ukf.sk\/index.php?rest_route=\/wp\/v2\/users\/5"}],"replies":[{"embeddable":true,"href":"https:\/\/www.stredoeuropskepohlady.fss.ukf.sk\/index.php?rest_route=%2Fwp%2Fv2%2Fcomments&post=6523"}],"version-history":[{"count":4,"href":"https:\/\/www.stredoeuropskepohlady.fss.ukf.sk\/index.php?rest_route=\/wp\/v2\/pages\/6523\/revisions"}],"predecessor-version":[{"id":6623,"href":"https:\/\/www.stredoeuropskepohlady.fss.ukf.sk\/index.php?rest_route=\/wp\/v2\/pages\/6523\/revisions\/6623"}],"wp:attachment":[{"href":"https:\/\/www.stredoeuropskepohlady.fss.ukf.sk\/index.php?rest_route=%2Fwp%2Fv2%2Fmedia&parent=6523"}],"curies":[{"name":"wp","href":"https:\/\/api.w.org\/{rel}","templated":true}]}}