{"id":6521,"date":"2024-12-21T14:40:58","date_gmt":"2024-12-21T13:40:58","guid":{"rendered":"https:\/\/www.stredoeuropskepohlady.fss.ukf.sk\/?page_id=6521"},"modified":"2024-12-21T14:40:58","modified_gmt":"2024-12-21T13:40:58","slug":"mariansky-kult-v-kaznach-juraja-fandlyho-na-podklade-teoretickych-vyskumov-marty-kerulovej-2","status":"publish","type":"page","link":"https:\/\/www.stredoeuropskepohlady.fss.ukf.sk\/?page_id=6521","title":{"rendered":"Mari\u00e1nsky kult v\u00a0k\u00e1z\u0148ach Juraja F\u00e1ndlyho (na podklade teoretick\u00fdch v\u00fdskumov Marty Keru\u013eovej)"},"content":{"rendered":"<h2 style=\"text-align: center;\">Marian Cult in Juraj F\u00e1ndly\u2019s Sermons (Based on Marta Keru\u013eov\u00e1\u2019s Theoretical Research)<\/h2>\n<h3>Petra Kaizerov\u00e1 \u2013 Silvia Laukov\u00e1 \u2013 Martina Taneski<\/h3>\n<p><strong><span style=\"color: #666666;\">IN:\u00a0<\/span><\/strong><span style=\"color: #666666;\">Stredoeur\u00f3pske poh\u013eady, Vol. VI, Issue 2, 2024, p. ?, ISSN 2644-6367 (print), ISSN-2644-6472 (online)<\/span><\/p>\n<p><a href=\"#\"><strong>PDF<\/strong><\/a><\/p>\n","protected":false},"excerpt":{"rendered":"<p>Marian Cult in Juraj F\u00e1ndly\u2019s Sermons (Based on Marta Keru\u013eov\u00e1\u2019s Theoretical Research) Petra Kaizerov\u00e1 \u2013 [&hellip;]<\/p>\n","protected":false},"author":5,"featured_media":0,"parent":0,"menu_order":0,"comment_status":"closed","ping_status":"closed","template":"","meta":[],"_links":{"self":[{"href":"https:\/\/www.stredoeuropskepohlady.fss.ukf.sk\/index.php?rest_route=\/wp\/v2\/pages\/6521"}],"collection":[{"href":"https:\/\/www.stredoeuropskepohlady.fss.ukf.sk\/index.php?rest_route=\/wp\/v2\/pages"}],"about":[{"href":"https:\/\/www.stredoeuropskepohlady.fss.ukf.sk\/index.php?rest_route=\/wp\/v2\/types\/page"}],"author":[{"embeddable":true,"href":"https:\/\/www.stredoeuropskepohlady.fss.ukf.sk\/index.php?rest_route=\/wp\/v2\/users\/5"}],"replies":[{"embeddable":true,"href":"https:\/\/www.stredoeuropskepohlady.fss.ukf.sk\/index.php?rest_route=%2Fwp%2Fv2%2Fcomments&post=6521"}],"version-history":[{"count":1,"href":"https:\/\/www.stredoeuropskepohlady.fss.ukf.sk\/index.php?rest_route=\/wp\/v2\/pages\/6521\/revisions"}],"predecessor-version":[{"id":6522,"href":"https:\/\/www.stredoeuropskepohlady.fss.ukf.sk\/index.php?rest_route=\/wp\/v2\/pages\/6521\/revisions\/6522"}],"wp:attachment":[{"href":"https:\/\/www.stredoeuropskepohlady.fss.ukf.sk\/index.php?rest_route=%2Fwp%2Fv2%2Fmedia&parent=6521"}],"curies":[{"name":"wp","href":"https:\/\/api.w.org\/{rel}","templated":true}]}}