{"id":6519,"date":"2024-12-21T14:40:23","date_gmt":"2024-12-21T13:40:23","guid":{"rendered":"https:\/\/www.stredoeuropskepohlady.fss.ukf.sk\/?page_id=6519"},"modified":"2025-01-23T10:43:56","modified_gmt":"2025-01-23T09:43:56","slug":"mariansky-kult-v-kaznach-juraja-fandlyho-na-podklade-teoretickych-vyskumov-marty-kerulovej","status":"publish","type":"page","link":"https:\/\/www.stredoeuropskepohlady.fss.ukf.sk\/?page_id=6519","title":{"rendered":"Mari\u00e1nsky kult v\u00a0k\u00e1z\u0148ach Juraja F\u00e1ndlyho (na podklade teoretick\u00fdch v\u00fdskumov Marty Keru\u013eovej)"},"content":{"rendered":"<h2 style=\"text-align: center;\">Marian Cult in Juraj F\u00e1ndly\u2019s Sermons (Based on Marta Keru\u013eov\u00e1\u2019s Theoretical Research)<\/h2>\n<h3>Petra Kaizerov\u00e1 \u2013 Silvia Laukov\u00e1 \u2013 Martina Taneski<\/h3>\n<p><strong><span style=\"color: #666666;\">IN:\u00a0<\/span><\/strong><span style=\"color: #666666;\">Stredoeur\u00f3pske poh\u013eady, Vol. VI, Issue 2, 2024, p. 70-79, ISSN 2644-6367 (print), ISSN-2644-6472 (online)<\/span><\/p>\n<p><a href=\"\/wp-content\/uploads\/2025\/01\/SP_2024_02_070-079.pdf\"><strong>PDF<\/strong><\/a><\/p>\n","protected":false},"excerpt":{"rendered":"<p>Marian Cult in Juraj F\u00e1ndly\u2019s Sermons (Based on Marta Keru\u013eov\u00e1\u2019s Theoretical Research) Petra Kaizerov\u00e1 \u2013 [&hellip;]<\/p>\n","protected":false},"author":5,"featured_media":0,"parent":0,"menu_order":0,"comment_status":"closed","ping_status":"closed","template":"","meta":[],"_links":{"self":[{"href":"https:\/\/www.stredoeuropskepohlady.fss.ukf.sk\/index.php?rest_route=\/wp\/v2\/pages\/6519"}],"collection":[{"href":"https:\/\/www.stredoeuropskepohlady.fss.ukf.sk\/index.php?rest_route=\/wp\/v2\/pages"}],"about":[{"href":"https:\/\/www.stredoeuropskepohlady.fss.ukf.sk\/index.php?rest_route=\/wp\/v2\/types\/page"}],"author":[{"embeddable":true,"href":"https:\/\/www.stredoeuropskepohlady.fss.ukf.sk\/index.php?rest_route=\/wp\/v2\/users\/5"}],"replies":[{"embeddable":true,"href":"https:\/\/www.stredoeuropskepohlady.fss.ukf.sk\/index.php?rest_route=%2Fwp%2Fv2%2Fcomments&post=6519"}],"version-history":[{"count":4,"href":"https:\/\/www.stredoeuropskepohlady.fss.ukf.sk\/index.php?rest_route=\/wp\/v2\/pages\/6519\/revisions"}],"predecessor-version":[{"id":6624,"href":"https:\/\/www.stredoeuropskepohlady.fss.ukf.sk\/index.php?rest_route=\/wp\/v2\/pages\/6519\/revisions\/6624"}],"wp:attachment":[{"href":"https:\/\/www.stredoeuropskepohlady.fss.ukf.sk\/index.php?rest_route=%2Fwp%2Fv2%2Fmedia&parent=6519"}],"curies":[{"name":"wp","href":"https:\/\/api.w.org\/{rel}","templated":true}]}}