{"id":6313,"date":"2024-12-20T16:26:04","date_gmt":"2024-12-20T15:26:04","guid":{"rendered":"https:\/\/www.stredoeuropskepohlady.fss.ukf.sk\/?page_id=6313"},"modified":"2024-12-20T16:26:04","modified_gmt":"2024-12-20T15:26:04","slug":"suvztaznost-krajiny-a-kultury-v-literarnom-a-kulturologickom-diskurze-v4-editorial-2","status":"publish","type":"page","link":"https:\/\/www.stredoeuropskepohlady.fss.ukf.sk\/?page_id=6313","title":{"rendered":"S\u00favz\u0165a\u017enos\u0165 krajiny a&nbsp;kult\u00fary v&nbsp;liter\u00e1rnom a&nbsp;kulturologickom diskurze V4&nbsp;(editori\u00e1l)"},"content":{"rendered":"<h2 style=\"text-align: center;\">Correlation of Country and Culture in the Literary and Cultural Discourse of the V4 (Editorial)<\/h2>\n<h3>Milo\u0161 Zelenka \u2013 Zuzana Vargov\u00e1 \u2013 Monika Adamick\u00e1<\/h3>\n<p><strong><span style=\"color: #666666;\">IN:\u00a0<\/span><\/strong><span style=\"color: #666666;\">Stredoeur\u00f3pske poh\u013eady, Vol. VI, Issue 2, 2024, p. ?, ISSN 2644-6367 (print), ISSN-2644-6472 (online)<\/span><\/p>\n<p><a href=\"#\"><strong>PDF<\/strong><\/a><\/p>\n","protected":false},"excerpt":{"rendered":"<p>Correlation of Country and Culture in the Literary and Cultural Discourse of the V4 (Editorial) [&hellip;]<\/p>\n","protected":false},"author":5,"featured_media":0,"parent":0,"menu_order":0,"comment_status":"closed","ping_status":"closed","template":"","meta":[],"_links":{"self":[{"href":"https:\/\/www.stredoeuropskepohlady.fss.ukf.sk\/index.php?rest_route=\/wp\/v2\/pages\/6313"}],"collection":[{"href":"https:\/\/www.stredoeuropskepohlady.fss.ukf.sk\/index.php?rest_route=\/wp\/v2\/pages"}],"about":[{"href":"https:\/\/www.stredoeuropskepohlady.fss.ukf.sk\/index.php?rest_route=\/wp\/v2\/types\/page"}],"author":[{"embeddable":true,"href":"https:\/\/www.stredoeuropskepohlady.fss.ukf.sk\/index.php?rest_route=\/wp\/v2\/users\/5"}],"replies":[{"embeddable":true,"href":"https:\/\/www.stredoeuropskepohlady.fss.ukf.sk\/index.php?rest_route=%2Fwp%2Fv2%2Fcomments&post=6313"}],"version-history":[{"count":1,"href":"https:\/\/www.stredoeuropskepohlady.fss.ukf.sk\/index.php?rest_route=\/wp\/v2\/pages\/6313\/revisions"}],"predecessor-version":[{"id":6314,"href":"https:\/\/www.stredoeuropskepohlady.fss.ukf.sk\/index.php?rest_route=\/wp\/v2\/pages\/6313\/revisions\/6314"}],"wp:attachment":[{"href":"https:\/\/www.stredoeuropskepohlady.fss.ukf.sk\/index.php?rest_route=%2Fwp%2Fv2%2Fmedia&parent=6313"}],"curies":[{"name":"wp","href":"https:\/\/api.w.org\/{rel}","templated":true}]}}