{"id":6218,"date":"2024-12-20T15:15:28","date_gmt":"2024-12-20T14:15:28","guid":{"rendered":"https:\/\/www.stredoeuropskepohlady.fss.ukf.sk\/?page_id=6218"},"modified":"2025-01-23T10:44:13","modified_gmt":"2025-01-23T09:44:13","slug":"krajina-jako-prostor-ukol-i-udel-nad-dvema-zpusoby-zobrazovani-krajiny-v-ceske-literature-19-stoleti","status":"publish","type":"page","link":"https:\/\/www.stredoeuropskepohlady.fss.ukf.sk\/?page_id=6218","title":{"rendered":"Krajina jako prostor, \u00fakol i&nbsp;\u00fad\u011bl. Nad&nbsp;dv\u011bma zp\u016fsoby zobrazov\u00e1n\u00ed krajiny v&nbsp;\u010desk\u00e9 literatu\u0159e 19.&nbsp;stolet\u00ed"},"content":{"rendered":"<h2 style=\"text-align: center;\">Landscape as Space, Task and Fate. On Two Ways of Depicting Landscape in Czech Literature of the 19th Century<\/h2>\n<h3>Jakub Chrob\u00e1k<\/h3>\n<p><strong><span style=\"color: #666666;\">IN:\u00a0<\/span><\/strong><span style=\"color: #666666;\">Stredoeur\u00f3pske poh\u013eady, Vol. VI, Issue 2, 2024, p. 5-17, ISSN 2644-6367 (print), ISSN-2644-6472 (online)<\/span><\/p>\n<p><a href=\"\/wp-content\/uploads\/2025\/01\/SP_2024_02_005-017.pdf\"><strong>PDF<\/strong><\/a><\/p>\n","protected":false},"excerpt":{"rendered":"<p>Landscape as Space, Task and Fate. On Two Ways of Depicting Landscape in Czech Literature [&hellip;]<\/p>\n","protected":false},"author":5,"featured_media":0,"parent":0,"menu_order":0,"comment_status":"closed","ping_status":"closed","template":"","meta":[],"_links":{"self":[{"href":"https:\/\/www.stredoeuropskepohlady.fss.ukf.sk\/index.php?rest_route=\/wp\/v2\/pages\/6218"}],"collection":[{"href":"https:\/\/www.stredoeuropskepohlady.fss.ukf.sk\/index.php?rest_route=\/wp\/v2\/pages"}],"about":[{"href":"https:\/\/www.stredoeuropskepohlady.fss.ukf.sk\/index.php?rest_route=\/wp\/v2\/types\/page"}],"author":[{"embeddable":true,"href":"https:\/\/www.stredoeuropskepohlady.fss.ukf.sk\/index.php?rest_route=\/wp\/v2\/users\/5"}],"replies":[{"embeddable":true,"href":"https:\/\/www.stredoeuropskepohlady.fss.ukf.sk\/index.php?rest_route=%2Fwp%2Fv2%2Fcomments&post=6218"}],"version-history":[{"count":6,"href":"https:\/\/www.stredoeuropskepohlady.fss.ukf.sk\/index.php?rest_route=\/wp\/v2\/pages\/6218\/revisions"}],"predecessor-version":[{"id":6631,"href":"https:\/\/www.stredoeuropskepohlady.fss.ukf.sk\/index.php?rest_route=\/wp\/v2\/pages\/6218\/revisions\/6631"}],"wp:attachment":[{"href":"https:\/\/www.stredoeuropskepohlady.fss.ukf.sk\/index.php?rest_route=%2Fwp%2Fv2%2Fmedia&parent=6218"}],"curies":[{"name":"wp","href":"https:\/\/api.w.org\/{rel}","templated":true}]}}