{"id":5954,"date":"2024-07-23T12:46:31","date_gmt":"2024-07-23T10:46:31","guid":{"rendered":"https:\/\/www.stredoeuropskepohlady.fss.ukf.sk\/?page_id=5954"},"modified":"2024-08-04T17:02:38","modified_gmt":"2024-08-04T15:02:38","slug":"helena-turcerova-deveckova-denisovci-a-turciansky-sv-martin-ako-miesta-kulturnej-mediacie-2","status":"publish","type":"page","link":"https:\/\/www.stredoeuropskepohlady.fss.ukf.sk\/?page_id=5954","title":{"rendered":"Helena Turcerov\u00e1-Deve\u010dkov\u00e1, Denisovci a Tur\u010diansky sv. Martin ako miesta kult\u00farnej medi\u00e1cie"},"content":{"rendered":"<h2 style=\"text-align: center;\">Helena Turcerov\u00e1-Deve\u010dkov\u00e1, the Denis Family and Tur\u010diansky st. Martin as Places of Cultural Mediation<\/h2>\n<h3><strong>Bohumila Feren\u010duhov\u00e1<\/strong><\/h3>\n<p><strong><span style=\"color: #666666;\">IN:\u00a0<\/span><\/strong><span style=\"color: #666666;\">Stredoeur\u00f3pske poh\u013eady, Vol. VI, Issue 1, 2024, 5 &#8211; 26, ISSN 2644-6367 (print), ISSN-2644-6472 (online)<\/span><\/p>\n<p><a href=\"http:\/\/www.stredoeuropskepohlady.fss.ukf.sk\/wp-content\/uploads\/2024\/07\/1-Ferencuhova.pdf\"><strong>PDF<\/strong><\/a><\/p>\n","protected":false},"excerpt":{"rendered":"<p>Helena Turcerov\u00e1-Deve\u010dkov\u00e1, the Denis Family and Tur\u010diansky st. Martin as Places of Cultural Mediation Bohumila [&hellip;]<\/p>\n","protected":false},"author":5,"featured_media":0,"parent":0,"menu_order":0,"comment_status":"closed","ping_status":"closed","template":"","meta":[],"_links":{"self":[{"href":"https:\/\/www.stredoeuropskepohlady.fss.ukf.sk\/index.php?rest_route=\/wp\/v2\/pages\/5954"}],"collection":[{"href":"https:\/\/www.stredoeuropskepohlady.fss.ukf.sk\/index.php?rest_route=\/wp\/v2\/pages"}],"about":[{"href":"https:\/\/www.stredoeuropskepohlady.fss.ukf.sk\/index.php?rest_route=\/wp\/v2\/types\/page"}],"author":[{"embeddable":true,"href":"https:\/\/www.stredoeuropskepohlady.fss.ukf.sk\/index.php?rest_route=\/wp\/v2\/users\/5"}],"replies":[{"embeddable":true,"href":"https:\/\/www.stredoeuropskepohlady.fss.ukf.sk\/index.php?rest_route=%2Fwp%2Fv2%2Fcomments&post=5954"}],"version-history":[{"count":6,"href":"https:\/\/www.stredoeuropskepohlady.fss.ukf.sk\/index.php?rest_route=\/wp\/v2\/pages\/5954\/revisions"}],"predecessor-version":[{"id":6130,"href":"https:\/\/www.stredoeuropskepohlady.fss.ukf.sk\/index.php?rest_route=\/wp\/v2\/pages\/5954\/revisions\/6130"}],"wp:attachment":[{"href":"https:\/\/www.stredoeuropskepohlady.fss.ukf.sk\/index.php?rest_route=%2Fwp%2Fv2%2Fmedia&parent=5954"}],"curies":[{"name":"wp","href":"https:\/\/api.w.org\/{rel}","templated":true}]}}