{"id":5910,"date":"2024-07-23T12:29:56","date_gmt":"2024-07-23T10:29:56","guid":{"rendered":"https:\/\/www.stredoeuropskepohlady.fss.ukf.sk\/?page_id=5910"},"modified":"2024-08-15T09:46:11","modified_gmt":"2024-08-15T07:46:11","slug":"prezentacia-knihy-jachymovsti-andele-rozhlady","status":"publish","type":"page","link":"https:\/\/www.stredoeuropskepohlady.fss.ukf.sk\/?page_id=5910","title":{"rendered":"Prezent\u00e1cia knihy J\u00e1chymov\u0161t\u00ed and\u011bl\u00e9 (rozh\u013eady)"},"content":{"rendered":"<h2 style=\"text-align: center;\">Presentation of the Book <em>Angels of J\u00e1chymov<\/em> (Outlook)<\/h2>\n<h3><strong>Jozef Tom\u00e1\u0161ik<\/strong><\/h3>\n<p><strong><span style=\"color: #666666;\">IN:\u00a0<\/span><\/strong><span style=\"color: #666666;\">Stredoeur\u00f3pske poh\u013eady, Vol. VI, Issue 1, 2024, pp. 130 \u2013 132, ISSN 2644-6367 (print), ISSN-2644-6472 (online)<\/span><\/p>\n<p><a href=\"http:\/\/www.stredoeuropskepohlady.fss.ukf.sk\/wp-content\/uploads\/2024\/08\/12-Tomasik-rozhlady.pdf\"><strong>PDF<\/strong><\/a><\/p>\n","protected":false},"excerpt":{"rendered":"<p>Presentation of the Book Angels of J\u00e1chymov (Outlook) Jozef Tom\u00e1\u0161ik IN:\u00a0Stredoeur\u00f3pske poh\u013eady, Vol. VI, Issue [&hellip;]<\/p>\n","protected":false},"author":5,"featured_media":0,"parent":0,"menu_order":0,"comment_status":"closed","ping_status":"closed","template":"","meta":[],"_links":{"self":[{"href":"https:\/\/www.stredoeuropskepohlady.fss.ukf.sk\/index.php?rest_route=\/wp\/v2\/pages\/5910"}],"collection":[{"href":"https:\/\/www.stredoeuropskepohlady.fss.ukf.sk\/index.php?rest_route=\/wp\/v2\/pages"}],"about":[{"href":"https:\/\/www.stredoeuropskepohlady.fss.ukf.sk\/index.php?rest_route=\/wp\/v2\/types\/page"}],"author":[{"embeddable":true,"href":"https:\/\/www.stredoeuropskepohlady.fss.ukf.sk\/index.php?rest_route=\/wp\/v2\/users\/5"}],"replies":[{"embeddable":true,"href":"https:\/\/www.stredoeuropskepohlady.fss.ukf.sk\/index.php?rest_route=%2Fwp%2Fv2%2Fcomments&post=5910"}],"version-history":[{"count":6,"href":"https:\/\/www.stredoeuropskepohlady.fss.ukf.sk\/index.php?rest_route=\/wp\/v2\/pages\/5910\/revisions"}],"predecessor-version":[{"id":6180,"href":"https:\/\/www.stredoeuropskepohlady.fss.ukf.sk\/index.php?rest_route=\/wp\/v2\/pages\/5910\/revisions\/6180"}],"wp:attachment":[{"href":"https:\/\/www.stredoeuropskepohlady.fss.ukf.sk\/index.php?rest_route=%2Fwp%2Fv2%2Fmedia&parent=5910"}],"curies":[{"name":"wp","href":"https:\/\/api.w.org\/{rel}","templated":true}]}}