{"id":5903,"date":"2024-07-23T12:26:53","date_gmt":"2024-07-23T10:26:53","guid":{"rendered":"https:\/\/www.stredoeuropskepohlady.fss.ukf.sk\/?page_id=5903"},"modified":"2024-08-15T09:31:59","modified_gmt":"2024-08-15T07:31:59","slug":"ideovy-vyvoj-jana-cepa-od-novotomistickych-inspiraci-ke-krestanskemu-personalismu","status":"publish","type":"page","link":"https:\/\/www.stredoeuropskepohlady.fss.ukf.sk\/?page_id=5903","title":{"rendered":"Ideov\u00fd v\u00fdvoj Jana \u010cepa\u00a0\u2013\u00a0od\u00a0novotomistick\u00fdch inspirac\u00ed ke k\u0159es\u0165ansk\u00e9mu personalismu"},"content":{"rendered":"<h2 style=\"text-align: center;\">The Ideational Evolution of Jan \u010cep\u00a0\u2013\u00a0From Novotomistic Inspirations to Christian Personalism<\/h2>\n<h3><strong>Petr Komenda<\/strong><\/h3>\n<p><strong><span style=\"color: #666666;\">IN:\u00a0<\/span><\/strong><span style=\"color: #666666;\">Stredoeur\u00f3pske poh\u013eady, Vol. VI, Issue 1, 2024, pp. 59 \u2013 66, ISSN 2644-6367 (print), ISSN-2644-6472 (online)<\/span><\/p>\n<p><a href=\"http:\/\/www.stredoeuropskepohlady.fss.ukf.sk\/wp-content\/uploads\/2024\/08\/5-Komenda.pdf\"><strong>PDF<\/strong><\/a><\/p>\n","protected":false},"excerpt":{"rendered":"<p>The Ideational Evolution of Jan \u010cep\u00a0\u2013\u00a0From Novotomistic Inspirations to Christian Personalism Petr Komenda IN:\u00a0Stredoeur\u00f3pske poh\u013eady, [&hellip;]<\/p>\n","protected":false},"author":5,"featured_media":0,"parent":0,"menu_order":0,"comment_status":"closed","ping_status":"closed","template":"","meta":[],"_links":{"self":[{"href":"https:\/\/www.stredoeuropskepohlady.fss.ukf.sk\/index.php?rest_route=\/wp\/v2\/pages\/5903"}],"collection":[{"href":"https:\/\/www.stredoeuropskepohlady.fss.ukf.sk\/index.php?rest_route=\/wp\/v2\/pages"}],"about":[{"href":"https:\/\/www.stredoeuropskepohlady.fss.ukf.sk\/index.php?rest_route=\/wp\/v2\/types\/page"}],"author":[{"embeddable":true,"href":"https:\/\/www.stredoeuropskepohlady.fss.ukf.sk\/index.php?rest_route=\/wp\/v2\/users\/5"}],"replies":[{"embeddable":true,"href":"https:\/\/www.stredoeuropskepohlady.fss.ukf.sk\/index.php?rest_route=%2Fwp%2Fv2%2Fcomments&post=5903"}],"version-history":[{"count":5,"href":"https:\/\/www.stredoeuropskepohlady.fss.ukf.sk\/index.php?rest_route=\/wp\/v2\/pages\/5903\/revisions"}],"predecessor-version":[{"id":6172,"href":"https:\/\/www.stredoeuropskepohlady.fss.ukf.sk\/index.php?rest_route=\/wp\/v2\/pages\/5903\/revisions\/6172"}],"wp:attachment":[{"href":"https:\/\/www.stredoeuropskepohlady.fss.ukf.sk\/index.php?rest_route=%2Fwp%2Fv2%2Fmedia&parent=5903"}],"curies":[{"name":"wp","href":"https:\/\/api.w.org\/{rel}","templated":true}]}}