{"id":5860,"date":"2024-07-23T11:48:30","date_gmt":"2024-07-23T09:48:30","guid":{"rendered":"https:\/\/www.stredoeuropskepohlady.fss.ukf.sk\/?page_id=5860"},"modified":"2024-08-15T08:56:46","modified_gmt":"2024-08-15T06:56:46","slug":"historicke-medzniky-a-osobnosti-strednej-europy-editorial","status":"publish","type":"page","link":"https:\/\/www.stredoeuropskepohlady.fss.ukf.sk\/?page_id=5860","title":{"rendered":"Historick\u00e9 medzn\u00edky a osobnosti strednej Eur\u00f3py (editori\u00e1l)"},"content":{"rendered":"<h2 style=\"text-align: center;\">Historical Milestones and Personalities of Central Europe (Editorial)<\/h2>\n<h3><strong>J\u00e1n Gallik\u00a0\u2013\u00a0Lenka \u0160tvrteck\u00e1<\/strong><\/h3>\n<p><strong><span style=\"color: #666666;\">IN:\u00a0<\/span><\/strong><span style=\"color: #666666;\">Stredoeur\u00f3pske poh\u013eady, Vol. VI, Issue 1, 2024, pp. 3 \u2013 4 , ISSN 2644-6367 (print), ISSN-2644-6472 (online)<\/span><\/p>\n<p><a href=\"http:\/\/www.stredoeuropskepohlady.fss.ukf.sk\/wp-content\/uploads\/2024\/07\/0-Editorial.pdf\"><strong>PDF<\/strong><\/a><\/p>\n","protected":false},"excerpt":{"rendered":"<p>Historical Milestones and Personalities of Central Europe (Editorial) J\u00e1n Gallik\u00a0\u2013\u00a0Lenka \u0160tvrteck\u00e1 IN:\u00a0Stredoeur\u00f3pske poh\u013eady, Vol. VI, [&hellip;]<\/p>\n","protected":false},"author":5,"featured_media":0,"parent":0,"menu_order":0,"comment_status":"closed","ping_status":"closed","template":"","meta":[],"_links":{"self":[{"href":"https:\/\/www.stredoeuropskepohlady.fss.ukf.sk\/index.php?rest_route=\/wp\/v2\/pages\/5860"}],"collection":[{"href":"https:\/\/www.stredoeuropskepohlady.fss.ukf.sk\/index.php?rest_route=\/wp\/v2\/pages"}],"about":[{"href":"https:\/\/www.stredoeuropskepohlady.fss.ukf.sk\/index.php?rest_route=\/wp\/v2\/types\/page"}],"author":[{"embeddable":true,"href":"https:\/\/www.stredoeuropskepohlady.fss.ukf.sk\/index.php?rest_route=\/wp\/v2\/users\/5"}],"replies":[{"embeddable":true,"href":"https:\/\/www.stredoeuropskepohlady.fss.ukf.sk\/index.php?rest_route=%2Fwp%2Fv2%2Fcomments&post=5860"}],"version-history":[{"count":7,"href":"https:\/\/www.stredoeuropskepohlady.fss.ukf.sk\/index.php?rest_route=\/wp\/v2\/pages\/5860\/revisions"}],"predecessor-version":[{"id":6086,"href":"https:\/\/www.stredoeuropskepohlady.fss.ukf.sk\/index.php?rest_route=\/wp\/v2\/pages\/5860\/revisions\/6086"}],"wp:attachment":[{"href":"https:\/\/www.stredoeuropskepohlady.fss.ukf.sk\/index.php?rest_route=%2Fwp%2Fv2%2Fmedia&parent=5860"}],"curies":[{"name":"wp","href":"https:\/\/api.w.org\/{rel}","templated":true}]}}