{"id":5784,"date":"2023-12-31T18:27:40","date_gmt":"2023-12-31T17:27:40","guid":{"rendered":"https:\/\/www.stredoeuropskepohlady.fss.ukf.sk\/?page_id=5784"},"modified":"2024-01-03T23:53:58","modified_gmt":"2024-01-03T22:53:58","slug":"slovinsky-literarni-vedec-marko-juvan-a-jeho-koncepce-svetove-literatury-nekolik-slov-uvodem-rozhledy","status":"publish","type":"page","link":"https:\/\/www.stredoeuropskepohlady.fss.ukf.sk\/?page_id=5784","title":{"rendered":"Slovinsk\u00fd liter\u00e1rn\u00ed v\u011bdec Marko Juvan a&nbsp;jeho koncepce sv\u011btov\u00e9 literatury \u2013 n\u011bkolik slov \u00favodem (rozhledy)"},"content":{"rendered":"<h2 style=\"text-align: center;\">Slovenian Literary Scholar Marko Juvan and His Conception of World Literature \u2013 A Few Words as a Prelude (Outlook)<\/h2>\n<h3><strong>Milo\u0161 Zelenka<\/strong><\/h3>\n<p><strong><span style=\"color: #666666;\">IN:\u00a0<\/span><\/strong><span style=\"color: #666666;\">Stredoeur\u00f3pske poh\u013eady, Vol. V, Issue 2, 2023, pp. 67-69, ISSN 2644-6367 (print), ISSN-2644-6472 (online)<\/span><\/p>\n<p><a href=\"http:\/\/www.stredoeuropskepohlady.fss.ukf.sk\/wp-content\/uploads\/2024\/01\/SP_2023_02_067-069.pdf\"><strong>PDF<\/strong><\/a><\/p>\n","protected":false},"excerpt":{"rendered":"<p>Slovenian Literary Scholar Marko Juvan and His Conception of World Literature \u2013 A Few Words [&hellip;]<\/p>\n","protected":false},"author":5,"featured_media":0,"parent":0,"menu_order":0,"comment_status":"closed","ping_status":"closed","template":"","meta":[],"_links":{"self":[{"href":"https:\/\/www.stredoeuropskepohlady.fss.ukf.sk\/index.php?rest_route=\/wp\/v2\/pages\/5784"}],"collection":[{"href":"https:\/\/www.stredoeuropskepohlady.fss.ukf.sk\/index.php?rest_route=\/wp\/v2\/pages"}],"about":[{"href":"https:\/\/www.stredoeuropskepohlady.fss.ukf.sk\/index.php?rest_route=\/wp\/v2\/types\/page"}],"author":[{"embeddable":true,"href":"https:\/\/www.stredoeuropskepohlady.fss.ukf.sk\/index.php?rest_route=\/wp\/v2\/users\/5"}],"replies":[{"embeddable":true,"href":"https:\/\/www.stredoeuropskepohlady.fss.ukf.sk\/index.php?rest_route=%2Fwp%2Fv2%2Fcomments&post=5784"}],"version-history":[{"count":1,"href":"https:\/\/www.stredoeuropskepohlady.fss.ukf.sk\/index.php?rest_route=\/wp\/v2\/pages\/5784\/revisions"}],"predecessor-version":[{"id":5785,"href":"https:\/\/www.stredoeuropskepohlady.fss.ukf.sk\/index.php?rest_route=\/wp\/v2\/pages\/5784\/revisions\/5785"}],"wp:attachment":[{"href":"https:\/\/www.stredoeuropskepohlady.fss.ukf.sk\/index.php?rest_route=%2Fwp%2Fv2%2Fmedia&parent=5784"}],"curies":[{"name":"wp","href":"https:\/\/api.w.org\/{rel}","templated":true}]}}