{"id":5770,"date":"2023-12-31T18:28:46","date_gmt":"2023-12-31T17:28:46","guid":{"rendered":"https:\/\/www.stredoeuropskepohlady.fss.ukf.sk\/?page_id=5770"},"modified":"2024-01-03T23:38:52","modified_gmt":"2024-01-03T22:38:52","slug":"interdisciplinarita-a-komparatistika-v-literarnej-vede-rozhlady-2","status":"publish","type":"page","link":"https:\/\/www.stredoeuropskepohlady.fss.ukf.sk\/?page_id=5770","title":{"rendered":"Interdisciplinarita a&nbsp;komparatistika v&nbsp;liter\u00e1rnej vede (rozh\u013eady)"},"content":{"rendered":"<h2 style=\"text-align: center;\">Interdisciplinarity and Comparatistics in Literary Science (Outlook)<\/h2>\n<h3><strong>M\u00e1ria B\u00e1torov\u00e1 \u2013 J\u00e1n Gallik \u2013 Ivan Kamenec \u2013 Juraj Maru\u0161iak \u2013 Silvia Mih\u00e1likov\u00e1 \u2013 Tatiana Sedov\u00e1<\/strong><\/h3>\n<p><strong><span style=\"color: #666666;\">IN:\u00a0<\/span><\/strong><span style=\"color: #666666;\">Stredoeur\u00f3pske poh\u013eady, Vol. V, Issue 2, 2023, pp. 78-91, ISSN 2644-6367 (print), ISSN-2644-6472 (online)<\/span><\/p>\n<p><a href=\"http:\/\/www.stredoeuropskepohlady.fss.ukf.sk\/wp-content\/uploads\/2024\/01\/SP_2023_02_078-091.pdf\"><strong>PDF<\/strong><\/a><\/p>\n","protected":false},"excerpt":{"rendered":"<p>Interdisciplinarity and Comparatistics in Literary Science (Outlook) M\u00e1ria B\u00e1torov\u00e1 \u2013 J\u00e1n Gallik \u2013 Ivan Kamenec [&hellip;]<\/p>\n","protected":false},"author":5,"featured_media":0,"parent":0,"menu_order":0,"comment_status":"closed","ping_status":"closed","template":"","meta":[],"_links":{"self":[{"href":"https:\/\/www.stredoeuropskepohlady.fss.ukf.sk\/index.php?rest_route=\/wp\/v2\/pages\/5770"}],"collection":[{"href":"https:\/\/www.stredoeuropskepohlady.fss.ukf.sk\/index.php?rest_route=\/wp\/v2\/pages"}],"about":[{"href":"https:\/\/www.stredoeuropskepohlady.fss.ukf.sk\/index.php?rest_route=\/wp\/v2\/types\/page"}],"author":[{"embeddable":true,"href":"https:\/\/www.stredoeuropskepohlady.fss.ukf.sk\/index.php?rest_route=\/wp\/v2\/users\/5"}],"replies":[{"embeddable":true,"href":"https:\/\/www.stredoeuropskepohlady.fss.ukf.sk\/index.php?rest_route=%2Fwp%2Fv2%2Fcomments&post=5770"}],"version-history":[{"count":1,"href":"https:\/\/www.stredoeuropskepohlady.fss.ukf.sk\/index.php?rest_route=\/wp\/v2\/pages\/5770\/revisions"}],"predecessor-version":[{"id":5772,"href":"https:\/\/www.stredoeuropskepohlady.fss.ukf.sk\/index.php?rest_route=\/wp\/v2\/pages\/5770\/revisions\/5772"}],"wp:attachment":[{"href":"https:\/\/www.stredoeuropskepohlady.fss.ukf.sk\/index.php?rest_route=%2Fwp%2Fv2%2Fmedia&parent=5770"}],"curies":[{"name":"wp","href":"https:\/\/api.w.org\/{rel}","templated":true}]}}