{"id":5764,"date":"2023-12-31T18:25:22","date_gmt":"2023-12-31T17:25:22","guid":{"rendered":"https:\/\/www.stredoeuropskepohlady.fss.ukf.sk\/?page_id=5764"},"modified":"2024-01-03T23:35:58","modified_gmt":"2024-01-03T22:35:58","slug":"p-zavadas-strategy-of-remembrance-some-remarks-on-the-novel-natural-light-2","status":"publish","type":"page","link":"https:\/\/www.stredoeuropskepohlady.fss.ukf.sk\/?page_id=5764","title":{"rendered":"P. Z\u00e1vada\u2019s Strategy of Remembrance: Some Remarks on the Novel <em>Natural Light<\/em>"},"content":{"rendered":"<h2 style=\"text-align: center;\">Strat\u00e9gia spom\u00ednania P\u00e1la Z\u00e1vadu: nieko\u013eko pozn\u00e1mok na&nbsp;margo rom\u00e1nu\u00a0<em>Prirodzen\u00e9 svetlo<\/em><\/h2>\n<h3><strong>Zuzana Vargov\u00e1<\/strong><\/h3>\n<p><strong><span style=\"color: #666666;\">IN:\u00a0<\/span><\/strong><span style=\"color: #666666;\">Stredoeur\u00f3pske poh\u013eady, Vol. V, Issue 2, 2023, pp. 50-59, ISSN 2644-6367 (print), ISSN-2644-6472 (online)<\/span><\/p>\n<p><a href=\"http:\/\/www.stredoeuropskepohlady.fss.ukf.sk\/wp-content\/uploads\/2024\/01\/SP_2023_02_050-059.pdf\"><strong>PDF<\/strong><\/a><\/p>\n","protected":false},"excerpt":{"rendered":"<p>Strat\u00e9gia spom\u00ednania P\u00e1la Z\u00e1vadu: nieko\u013eko pozn\u00e1mok na&nbsp;margo rom\u00e1nu\u00a0Prirodzen\u00e9 svetlo Zuzana Vargov\u00e1 IN:\u00a0Stredoeur\u00f3pske poh\u013eady, Vol. V, [&hellip;]<\/p>\n","protected":false},"author":5,"featured_media":0,"parent":0,"menu_order":0,"comment_status":"closed","ping_status":"closed","template":"","meta":[],"_links":{"self":[{"href":"https:\/\/www.stredoeuropskepohlady.fss.ukf.sk\/index.php?rest_route=\/wp\/v2\/pages\/5764"}],"collection":[{"href":"https:\/\/www.stredoeuropskepohlady.fss.ukf.sk\/index.php?rest_route=\/wp\/v2\/pages"}],"about":[{"href":"https:\/\/www.stredoeuropskepohlady.fss.ukf.sk\/index.php?rest_route=\/wp\/v2\/types\/page"}],"author":[{"embeddable":true,"href":"https:\/\/www.stredoeuropskepohlady.fss.ukf.sk\/index.php?rest_route=\/wp\/v2\/users\/5"}],"replies":[{"embeddable":true,"href":"https:\/\/www.stredoeuropskepohlady.fss.ukf.sk\/index.php?rest_route=%2Fwp%2Fv2%2Fcomments&post=5764"}],"version-history":[{"count":1,"href":"https:\/\/www.stredoeuropskepohlady.fss.ukf.sk\/index.php?rest_route=\/wp\/v2\/pages\/5764\/revisions"}],"predecessor-version":[{"id":5765,"href":"https:\/\/www.stredoeuropskepohlady.fss.ukf.sk\/index.php?rest_route=\/wp\/v2\/pages\/5764\/revisions\/5765"}],"wp:attachment":[{"href":"https:\/\/www.stredoeuropskepohlady.fss.ukf.sk\/index.php?rest_route=%2Fwp%2Fv2%2Fmedia&parent=5764"}],"curies":[{"name":"wp","href":"https:\/\/api.w.org\/{rel}","templated":true}]}}