{"id":5495,"date":"2023-07-31T09:47:52","date_gmt":"2023-07-31T07:47:52","guid":{"rendered":"https:\/\/www.stredoeuropskepohlady.fss.ukf.sk\/?page_id=5495"},"modified":"2023-07-31T12:33:08","modified_gmt":"2023-07-31T10:33:08","slug":"legislativni-a-technologicke-mezniky-ve-vyvoji-ceskych-audio-vizualnich-medii-po-roce-1989-2","status":"publish","type":"page","link":"https:\/\/www.stredoeuropskepohlady.fss.ukf.sk\/?page_id=5495","title":{"rendered":"Legislativn\u00ed a&nbsp;technologick\u00e9 mezn\u00edky ve&nbsp;v\u00fdvoji \u010desk\u00fdch audio- vizu\u00e1ln\u00edch m\u00e9di\u00ed po&nbsp;roce 1989"},"content":{"rendered":"<h2 style=\"text-align: center;\">Legislative and Technological Milestones in the History of Czech Audiovisual Media after 1989<\/h2>\n<h3><strong>Irena \u017dantovsk\u00e1<\/strong><\/h3>\n<p><strong><span style=\"color: #666666;\">IN:\u00a0<\/span><\/strong><span style=\"color: #666666;\">Stredoeur\u00f3pske poh\u013eady, Vol. V, Issue 1, 2023, pp. 17-25, ISSN 2644-6367 (print), ISSN-2644-6472 (online)<\/span><\/p>\n<p><a href=\"http:\/\/www.stredoeuropskepohlady.fss.ukf.sk\/wp-content\/uploads\/2023\/07\/SP_2023_01_03.pdf\"><strong>PDF<\/strong><\/a><\/p>\n","protected":false},"excerpt":{"rendered":"<p>Legislative and Technological Milestones in the History of Czech Audiovisual Media after 1989 Irena \u017dantovsk\u00e1 [&hellip;]<\/p>\n","protected":false},"author":5,"featured_media":0,"parent":0,"menu_order":0,"comment_status":"closed","ping_status":"closed","template":"","meta":[],"_links":{"self":[{"href":"https:\/\/www.stredoeuropskepohlady.fss.ukf.sk\/index.php?rest_route=\/wp\/v2\/pages\/5495"}],"collection":[{"href":"https:\/\/www.stredoeuropskepohlady.fss.ukf.sk\/index.php?rest_route=\/wp\/v2\/pages"}],"about":[{"href":"https:\/\/www.stredoeuropskepohlady.fss.ukf.sk\/index.php?rest_route=\/wp\/v2\/types\/page"}],"author":[{"embeddable":true,"href":"https:\/\/www.stredoeuropskepohlady.fss.ukf.sk\/index.php?rest_route=\/wp\/v2\/users\/5"}],"replies":[{"embeddable":true,"href":"https:\/\/www.stredoeuropskepohlady.fss.ukf.sk\/index.php?rest_route=%2Fwp%2Fv2%2Fcomments&post=5495"}],"version-history":[{"count":3,"href":"https:\/\/www.stredoeuropskepohlady.fss.ukf.sk\/index.php?rest_route=\/wp\/v2\/pages\/5495\/revisions"}],"predecessor-version":[{"id":5575,"href":"https:\/\/www.stredoeuropskepohlady.fss.ukf.sk\/index.php?rest_route=\/wp\/v2\/pages\/5495\/revisions\/5575"}],"wp:attachment":[{"href":"https:\/\/www.stredoeuropskepohlady.fss.ukf.sk\/index.php?rest_route=%2Fwp%2Fv2%2Fmedia&parent=5495"}],"curies":[{"name":"wp","href":"https:\/\/api.w.org\/{rel}","templated":true}]}}