{"id":5479,"date":"2023-07-31T09:28:48","date_gmt":"2023-07-31T07:28:48","guid":{"rendered":"https:\/\/www.stredoeuropskepohlady.fss.ukf.sk\/?page_id=5479"},"modified":"2023-07-31T12:29:14","modified_gmt":"2023-07-31T10:29:14","slug":"o-tvorbe-jubilanta-antona-balaza-rozhlady","status":"publish","type":"page","link":"https:\/\/www.stredoeuropskepohlady.fss.ukf.sk\/?page_id=5479","title":{"rendered":"O&nbsp;tvorbe jubilanta Antona Bal\u00e1\u017ea (rozh\u013eady)"},"content":{"rendered":"<h2 style=\"text-align: center;\">About the Work of Honoree Anton Bal\u00e1\u017e (Outlook)<\/h2>\n<h3><strong>Monika Adamick\u00e1<\/strong><\/h3>\n<p><strong><span style=\"color: #666666;\">IN:\u00a0<\/span><\/strong><span style=\"color: #666666;\">Stredoeur\u00f3pske poh\u013eady, Vol. V, Issue 1, 2023, pp. 93-96, ISSN 2644-6367 (print), ISSN-2644-6472 (online)<\/span><\/p>\n<p><a href=\"http:\/\/www.stredoeuropskepohlady.fss.ukf.sk\/wp-content\/uploads\/2023\/07\/SP_2023_01_14.pdf\"><strong>PDF<\/strong><\/a><\/p>\n","protected":false},"excerpt":{"rendered":"<p>About the Work of Honoree Anton Bal\u00e1\u017e (Outlook) Monika Adamick\u00e1 IN:\u00a0Stredoeur\u00f3pske poh\u013eady, Vol. V, Issue [&hellip;]<\/p>\n","protected":false},"author":5,"featured_media":0,"parent":0,"menu_order":0,"comment_status":"closed","ping_status":"closed","template":"","meta":[],"_links":{"self":[{"href":"https:\/\/www.stredoeuropskepohlady.fss.ukf.sk\/index.php?rest_route=\/wp\/v2\/pages\/5479"}],"collection":[{"href":"https:\/\/www.stredoeuropskepohlady.fss.ukf.sk\/index.php?rest_route=\/wp\/v2\/pages"}],"about":[{"href":"https:\/\/www.stredoeuropskepohlady.fss.ukf.sk\/index.php?rest_route=\/wp\/v2\/types\/page"}],"author":[{"embeddable":true,"href":"https:\/\/www.stredoeuropskepohlady.fss.ukf.sk\/index.php?rest_route=\/wp\/v2\/users\/5"}],"replies":[{"embeddable":true,"href":"https:\/\/www.stredoeuropskepohlady.fss.ukf.sk\/index.php?rest_route=%2Fwp%2Fv2%2Fcomments&post=5479"}],"version-history":[{"count":3,"href":"https:\/\/www.stredoeuropskepohlady.fss.ukf.sk\/index.php?rest_route=\/wp\/v2\/pages\/5479\/revisions"}],"predecessor-version":[{"id":5548,"href":"https:\/\/www.stredoeuropskepohlady.fss.ukf.sk\/index.php?rest_route=\/wp\/v2\/pages\/5479\/revisions\/5548"}],"wp:attachment":[{"href":"https:\/\/www.stredoeuropskepohlady.fss.ukf.sk\/index.php?rest_route=%2Fwp%2Fv2%2Fmedia&parent=5479"}],"curies":[{"name":"wp","href":"https:\/\/api.w.org\/{rel}","templated":true}]}}