{"id":5454,"date":"2023-07-31T09:07:21","date_gmt":"2023-07-31T07:07:21","guid":{"rendered":"https:\/\/www.stredoeuropskepohlady.fss.ukf.sk\/?page_id=5454"},"modified":"2023-07-31T12:26:15","modified_gmt":"2023-07-31T10:26:15","slug":"institucionalni-a-personalni-zajisteni-pri-rozvoji-audiovizualni-a-novomedialni-vytvarne-tvorby-v-90-letech-v-ceskoslovensku-a-v-ceske-republice","status":"publish","type":"page","link":"https:\/\/www.stredoeuropskepohlady.fss.ukf.sk\/?page_id=5454","title":{"rendered":"Institucion\u00e1ln\u00ed a&nbsp;person\u00e1ln\u00ed zaji\u0161t\u011bn\u00ed p\u0159i&nbsp;rozvoji audiovizu\u00e1ln\u00ed a&nbsp;novomedi\u00e1ln\u00ed v\u00fdtvarn\u00e9 tvorby v&nbsp;90.&nbsp;letech v&nbsp;\u010ceskoslovensku a&nbsp;v&nbsp;\u010cesk\u00e9 republice"},"content":{"rendered":"<h2 style=\"text-align: center;\">Institutional and Personnel Support for the Development of Audiovisual and New Media Art in the 1990s in Czechoslovakia and the Czech Republic<\/h2>\n<h3><strong>Barbora H\u00e1jkov\u00e1<\/strong><\/h3>\n<p><strong><span style=\"color: #666666;\">IN:\u00a0<\/span><\/strong><span style=\"color: #666666;\">Stredoeur\u00f3pske poh\u013eady, Vol. V, Issue 1, 2023, pp. 26-31, ISSN 2644-6367 (print), ISSN-2644-6472 (online)<\/span><\/p>\n<p><a href=\"http:\/\/www.stredoeuropskepohlady.fss.ukf.sk\/wp-content\/uploads\/2023\/07\/SP_2023_01_04.pdf\"><strong>PDF<\/strong><\/a><\/p>\n","protected":false},"excerpt":{"rendered":"<p>Institutional and Personnel Support for the Development of Audiovisual and New Media Art in the [&hellip;]<\/p>\n","protected":false},"author":5,"featured_media":0,"parent":0,"menu_order":0,"comment_status":"closed","ping_status":"closed","template":"","meta":[],"_links":{"self":[{"href":"https:\/\/www.stredoeuropskepohlady.fss.ukf.sk\/index.php?rest_route=\/wp\/v2\/pages\/5454"}],"collection":[{"href":"https:\/\/www.stredoeuropskepohlady.fss.ukf.sk\/index.php?rest_route=\/wp\/v2\/pages"}],"about":[{"href":"https:\/\/www.stredoeuropskepohlady.fss.ukf.sk\/index.php?rest_route=\/wp\/v2\/types\/page"}],"author":[{"embeddable":true,"href":"https:\/\/www.stredoeuropskepohlady.fss.ukf.sk\/index.php?rest_route=\/wp\/v2\/users\/5"}],"replies":[{"embeddable":true,"href":"https:\/\/www.stredoeuropskepohlady.fss.ukf.sk\/index.php?rest_route=%2Fwp%2Fv2%2Fcomments&post=5454"}],"version-history":[{"count":2,"href":"https:\/\/www.stredoeuropskepohlady.fss.ukf.sk\/index.php?rest_route=\/wp\/v2\/pages\/5454\/revisions"}],"predecessor-version":[{"id":5535,"href":"https:\/\/www.stredoeuropskepohlady.fss.ukf.sk\/index.php?rest_route=\/wp\/v2\/pages\/5454\/revisions\/5535"}],"wp:attachment":[{"href":"https:\/\/www.stredoeuropskepohlady.fss.ukf.sk\/index.php?rest_route=%2Fwp%2Fv2%2Fmedia&parent=5454"}],"curies":[{"name":"wp","href":"https:\/\/api.w.org\/{rel}","templated":true}]}}