{"id":5447,"date":"2023-07-31T08:59:21","date_gmt":"2023-07-31T06:59:21","guid":{"rendered":"https:\/\/www.stredoeuropskepohlady.fss.ukf.sk\/?page_id=5447"},"modified":"2023-07-31T12:25:38","modified_gmt":"2023-07-31T10:25:38","slug":"historicke-medzniky-a-osobnosti-v-audiovizualnych-mediach-editorial","status":"publish","type":"page","link":"https:\/\/www.stredoeuropskepohlady.fss.ukf.sk\/?page_id=5447","title":{"rendered":"Historick\u00e9 medzn\u00edky a&nbsp;osobnosti v&nbsp;audiovizu\u00e1lnych m\u00e9di\u00e1ch (editori\u00e1l)"},"content":{"rendered":"<h2 style=\"text-align: center;\">Historical Milestones and Personalities in Audiovisual Media (Editorial)<\/h2>\n<h3><strong>J\u00e1n Gallik \u2013 Monika Adamick\u00e1<\/strong><\/h3>\n<p><strong><span style=\"color: #666666;\">IN:\u00a0<\/span><\/strong><span style=\"color: #666666;\">Stredoeur\u00f3pske poh\u013eady, Vol. V, Issue 1, 2023, pp. 3-4, ISSN 2644-6367 (print), ISSN-2644-6472 (online)<\/span><\/p>\n<p><a href=\"http:\/\/www.stredoeuropskepohlady.fss.ukf.sk\/wp-content\/uploads\/2023\/07\/SP_2023_01_01.pdf\"><strong>PDF<\/strong><\/a><\/p>\n","protected":false},"excerpt":{"rendered":"<p>Historical Milestones and Personalities in Audiovisual Media (Editorial) J\u00e1n Gallik \u2013 Monika Adamick\u00e1 IN:\u00a0Stredoeur\u00f3pske poh\u013eady, [&hellip;]<\/p>\n","protected":false},"author":5,"featured_media":0,"parent":0,"menu_order":0,"comment_status":"closed","ping_status":"closed","template":"","meta":[],"_links":{"self":[{"href":"https:\/\/www.stredoeuropskepohlady.fss.ukf.sk\/index.php?rest_route=\/wp\/v2\/pages\/5447"}],"collection":[{"href":"https:\/\/www.stredoeuropskepohlady.fss.ukf.sk\/index.php?rest_route=\/wp\/v2\/pages"}],"about":[{"href":"https:\/\/www.stredoeuropskepohlady.fss.ukf.sk\/index.php?rest_route=\/wp\/v2\/types\/page"}],"author":[{"embeddable":true,"href":"https:\/\/www.stredoeuropskepohlady.fss.ukf.sk\/index.php?rest_route=\/wp\/v2\/users\/5"}],"replies":[{"embeddable":true,"href":"https:\/\/www.stredoeuropskepohlady.fss.ukf.sk\/index.php?rest_route=%2Fwp%2Fv2%2Fcomments&post=5447"}],"version-history":[{"count":3,"href":"https:\/\/www.stredoeuropskepohlady.fss.ukf.sk\/index.php?rest_route=\/wp\/v2\/pages\/5447\/revisions"}],"predecessor-version":[{"id":5531,"href":"https:\/\/www.stredoeuropskepohlady.fss.ukf.sk\/index.php?rest_route=\/wp\/v2\/pages\/5447\/revisions\/5531"}],"wp:attachment":[{"href":"https:\/\/www.stredoeuropskepohlady.fss.ukf.sk\/index.php?rest_route=%2Fwp%2Fv2%2Fmedia&parent=5447"}],"curies":[{"name":"wp","href":"https:\/\/api.w.org\/{rel}","templated":true}]}}