{"id":5302,"date":"2022-12-31T11:22:28","date_gmt":"2022-12-31T10:22:28","guid":{"rendered":"https:\/\/www.stredoeuropskepohlady.fss.ukf.sk\/?page_id=5302"},"modified":"2022-12-31T11:22:28","modified_gmt":"2022-12-31T10:22:28","slug":"interpretace-zidovske-poezie-a-antisemitske-vypady-v-textech-vaclava-cerneho-2","status":"publish","type":"page","link":"https:\/\/www.stredoeuropskepohlady.fss.ukf.sk\/?page_id=5302","title":{"rendered":"Interpretace \u017eidovsk\u00e9 poezie a&nbsp;antisemitsk\u00e9 v\u00fdpady v&nbsp;textech V\u00e1clava \u010cern\u00e9ho"},"content":{"rendered":"<h2 style=\"text-align: center;\">Interpretation of Jewish Poetry and Antisemitic Outbursts in the Texts of V\u00e1clav \u010cern\u00fd<\/h2>\n<h3>Petr Ku\u010dera<\/h3>\n<p><strong><span style=\"color: #666666;\">IN:\u00a0<\/span><\/strong><span style=\"color: #666666;\">Stredoeur\u00f3pske poh\u013eady, Vol. IV, Issue 2, 2022, pp. 4-12, ISSN 2644-6367 (print), ISSN-2644-6472 (online)<\/span><\/p>\n<p><a href=\"http:\/\/www.stredoeuropskepohlady.fss.ukf.sk\/wp-content\/uploads\/2022\/12\/SP_2022_02_01_Kucera.pdf\"><strong>PDF<\/strong><\/a><\/p>\n","protected":false},"excerpt":{"rendered":"<p>Interpretation of Jewish Poetry and Antisemitic Outbursts in the Texts of V\u00e1clav \u010cern\u00fd Petr Ku\u010dera [&hellip;]<\/p>\n","protected":false},"author":5,"featured_media":0,"parent":0,"menu_order":0,"comment_status":"closed","ping_status":"closed","template":"","meta":[],"_links":{"self":[{"href":"https:\/\/www.stredoeuropskepohlady.fss.ukf.sk\/index.php?rest_route=\/wp\/v2\/pages\/5302"}],"collection":[{"href":"https:\/\/www.stredoeuropskepohlady.fss.ukf.sk\/index.php?rest_route=\/wp\/v2\/pages"}],"about":[{"href":"https:\/\/www.stredoeuropskepohlady.fss.ukf.sk\/index.php?rest_route=\/wp\/v2\/types\/page"}],"author":[{"embeddable":true,"href":"https:\/\/www.stredoeuropskepohlady.fss.ukf.sk\/index.php?rest_route=\/wp\/v2\/users\/5"}],"replies":[{"embeddable":true,"href":"https:\/\/www.stredoeuropskepohlady.fss.ukf.sk\/index.php?rest_route=%2Fwp%2Fv2%2Fcomments&post=5302"}],"version-history":[{"count":1,"href":"https:\/\/www.stredoeuropskepohlady.fss.ukf.sk\/index.php?rest_route=\/wp\/v2\/pages\/5302\/revisions"}],"predecessor-version":[{"id":5318,"href":"https:\/\/www.stredoeuropskepohlady.fss.ukf.sk\/index.php?rest_route=\/wp\/v2\/pages\/5302\/revisions\/5318"}],"wp:attachment":[{"href":"https:\/\/www.stredoeuropskepohlady.fss.ukf.sk\/index.php?rest_route=%2Fwp%2Fv2%2Fmedia&parent=5302"}],"curies":[{"name":"wp","href":"https:\/\/api.w.org\/{rel}","templated":true}]}}