{"id":5260,"date":"2022-12-31T10:17:54","date_gmt":"2022-12-31T09:17:54","guid":{"rendered":"https:\/\/www.stredoeuropskepohlady.fss.ukf.sk\/?page_id=5260"},"modified":"2022-12-31T11:29:21","modified_gmt":"2022-12-31T10:29:21","slug":"holokaust-a-kataklizmy-20-storocia-v-proze-p-vilikovskeho-stvrta-rec","status":"publish","type":"page","link":"https:\/\/www.stredoeuropskepohlady.fss.ukf.sk\/?page_id=5260","title":{"rendered":"Holokaust a&nbsp;kataklizmy 20.&nbsp;storo\u010dia v&nbsp;pr\u00f3ze P.&nbsp;Vilikovsk\u00e9ho <em>\u0160tvrt\u00e1 re\u010d<\/em>"},"content":{"rendered":"<h2 style=\"text-align: center;\">The Holocaust and the Cataclysms of the 20th Century in P. Vilikovsk\u00fd\u2019s Prose <em>The Fourth Language<\/em><\/h2>\n<h3>Marcela Anto\u0161ov\u00e1<\/h3>\n<p><strong><span style=\"color: #666666;\">IN:\u00a0<\/span><\/strong><span style=\"color: #666666;\">Stredoeur\u00f3pske poh\u013eady, Vol. IV, Issue 2, 2022, pp. 37-43, ISSN 2644-6367 (print), ISSN-2644-6472 (online)<\/span><\/p>\n<p><a href=\"http:\/\/www.stredoeuropskepohlady.fss.ukf.sk\/wp-content\/uploads\/2022\/12\/SP_2022_02_05_Antosova.pdf\"><strong>PDF<\/strong><\/a><\/p>\n","protected":false},"excerpt":{"rendered":"<p>The Holocaust and the Cataclysms of the 20th Century in P. Vilikovsk\u00fd\u2019s Prose The Fourth [&hellip;]<\/p>\n","protected":false},"author":5,"featured_media":0,"parent":0,"menu_order":0,"comment_status":"closed","ping_status":"closed","template":"","meta":[],"_links":{"self":[{"href":"https:\/\/www.stredoeuropskepohlady.fss.ukf.sk\/index.php?rest_route=\/wp\/v2\/pages\/5260"}],"collection":[{"href":"https:\/\/www.stredoeuropskepohlady.fss.ukf.sk\/index.php?rest_route=\/wp\/v2\/pages"}],"about":[{"href":"https:\/\/www.stredoeuropskepohlady.fss.ukf.sk\/index.php?rest_route=\/wp\/v2\/types\/page"}],"author":[{"embeddable":true,"href":"https:\/\/www.stredoeuropskepohlady.fss.ukf.sk\/index.php?rest_route=\/wp\/v2\/users\/5"}],"replies":[{"embeddable":true,"href":"https:\/\/www.stredoeuropskepohlady.fss.ukf.sk\/index.php?rest_route=%2Fwp%2Fv2%2Fcomments&post=5260"}],"version-history":[{"count":3,"href":"https:\/\/www.stredoeuropskepohlady.fss.ukf.sk\/index.php?rest_route=\/wp\/v2\/pages\/5260\/revisions"}],"predecessor-version":[{"id":5333,"href":"https:\/\/www.stredoeuropskepohlady.fss.ukf.sk\/index.php?rest_route=\/wp\/v2\/pages\/5260\/revisions\/5333"}],"wp:attachment":[{"href":"https:\/\/www.stredoeuropskepohlady.fss.ukf.sk\/index.php?rest_route=%2Fwp%2Fv2%2Fmedia&parent=5260"}],"curies":[{"name":"wp","href":"https:\/\/api.w.org\/{rel}","templated":true}]}}