{"id":5252,"date":"2022-12-31T10:13:06","date_gmt":"2022-12-31T09:13:06","guid":{"rendered":"https:\/\/www.stredoeuropskepohlady.fss.ukf.sk\/?page_id=5252"},"modified":"2022-12-31T10:14:30","modified_gmt":"2022-12-31T09:14:30","slug":"neintencionalni-antisemitismus-analyza-novely-ireny-sehnerove-mami-ja-nechci-umrit","status":"publish","type":"page","link":"https:\/\/www.stredoeuropskepohlady.fss.ukf.sk\/?page_id=5252","title":{"rendered":"Neintencion\u00e1ln\u00ed antisemitismus? Anal\u00fdza novely Ireny Sehnerov\u00e9 <em>Mami, j\u00e1 nechci um\u0159\u00edt\u2026<\/em>"},"content":{"rendered":"<h2 style=\"text-align: center;\">Unintentional Antisemitism? Analysis of Irena Sehnerov\u00e1\u2019s Novella <em>Mum, I don\u2019t Want to Die\u2026<\/em><\/h2>\n<h3>Alexej Mikul\u00e1\u0161ek<\/h3>\n<p><strong><span style=\"color: #666666;\">IN:\u00a0<\/span><\/strong><span style=\"color: #666666;\">Stredoeur\u00f3pske poh\u013eady, Vol. IV, Issue 2, 2022, pp. 19-30, ISSN 2644-6367 (print), ISSN-2644-6472 (online)<\/span><\/p>\n<p><a href=\"http:\/\/www.stredoeuropskepohlady.fss.ukf.sk\/wp-content\/uploads\/2022\/12\/SP_2022_02_03_Mikulasek.pdf\"><strong>PDF<\/strong><\/a><\/p>\n","protected":false},"excerpt":{"rendered":"<p>Unintentional Antisemitism? Analysis of Irena Sehnerov\u00e1\u2019s Novella Mum, I don\u2019t Want to Die\u2026 Alexej Mikul\u00e1\u0161ek [&hellip;]<\/p>\n","protected":false},"author":5,"featured_media":0,"parent":0,"menu_order":0,"comment_status":"closed","ping_status":"closed","template":"","meta":[],"_links":{"self":[{"href":"https:\/\/www.stredoeuropskepohlady.fss.ukf.sk\/index.php?rest_route=\/wp\/v2\/pages\/5252"}],"collection":[{"href":"https:\/\/www.stredoeuropskepohlady.fss.ukf.sk\/index.php?rest_route=\/wp\/v2\/pages"}],"about":[{"href":"https:\/\/www.stredoeuropskepohlady.fss.ukf.sk\/index.php?rest_route=\/wp\/v2\/types\/page"}],"author":[{"embeddable":true,"href":"https:\/\/www.stredoeuropskepohlady.fss.ukf.sk\/index.php?rest_route=\/wp\/v2\/users\/5"}],"replies":[{"embeddable":true,"href":"https:\/\/www.stredoeuropskepohlady.fss.ukf.sk\/index.php?rest_route=%2Fwp%2Fv2%2Fcomments&post=5252"}],"version-history":[{"count":1,"href":"https:\/\/www.stredoeuropskepohlady.fss.ukf.sk\/index.php?rest_route=\/wp\/v2\/pages\/5252\/revisions"}],"predecessor-version":[{"id":5253,"href":"https:\/\/www.stredoeuropskepohlady.fss.ukf.sk\/index.php?rest_route=\/wp\/v2\/pages\/5252\/revisions\/5253"}],"wp:attachment":[{"href":"https:\/\/www.stredoeuropskepohlady.fss.ukf.sk\/index.php?rest_route=%2Fwp%2Fv2%2Fmedia&parent=5252"}],"curies":[{"name":"wp","href":"https:\/\/api.w.org\/{rel}","templated":true}]}}