{"id":5103,"date":"2022-07-25T11:02:54","date_gmt":"2022-07-25T09:02:54","guid":{"rendered":"https:\/\/www.stredoeuropskepohlady.fss.ukf.sk\/?page_id=5103"},"modified":"2022-07-25T11:02:54","modified_gmt":"2022-07-25T09:02:54","slug":"podoby-textu-a-poznanie-o-vztahu-medzi-filozofickym-a-literarnym-textom-2","status":"publish","type":"page","link":"https:\/\/www.stredoeuropskepohlady.fss.ukf.sk\/?page_id=5103","title":{"rendered":"Podoby textu a&nbsp;poznanie: O&nbsp;vz\u0165ahu medzi filozofick\u00fdm a&nbsp;liter\u00e1rnym textom"},"content":{"rendered":"<h2 style=\"text-align: center;\">Varieties of Text and Knowledge: Towards to the Relationship Between Philosophical and Literary Text<\/h2>\n<h3>Tatiana Sedov\u00e1<\/h3>\n<p><strong><span style=\"color: #666666;\">IN:\u00a0<\/span><\/strong><span style=\"color: #666666;\">Stredoeur\u00f3pske poh\u013eady, Vol. IV, Issue 21, 2022, pp. 40-51,\u00a0ISSN 2644-6367 (print), ISSN-2644-6472 (online)<\/span><\/p>\n<p><a href=\"https:\/\/www.stredoeuropskepohlady.fss.ukf.sk\/wp-content\/uploads\/2022\/07\/SP_2022_01_06_Sedova.pdf\"><strong>PDF<\/strong><\/a><\/p>\n","protected":false},"excerpt":{"rendered":"<p>Varieties of Text and Knowledge: Towards to the Relationship Between Philosophical and Literary Text Tatiana [&hellip;]<\/p>\n","protected":false},"author":5,"featured_media":0,"parent":0,"menu_order":0,"comment_status":"closed","ping_status":"closed","template":"","meta":[],"_links":{"self":[{"href":"https:\/\/www.stredoeuropskepohlady.fss.ukf.sk\/index.php?rest_route=\/wp\/v2\/pages\/5103"}],"collection":[{"href":"https:\/\/www.stredoeuropskepohlady.fss.ukf.sk\/index.php?rest_route=\/wp\/v2\/pages"}],"about":[{"href":"https:\/\/www.stredoeuropskepohlady.fss.ukf.sk\/index.php?rest_route=\/wp\/v2\/types\/page"}],"author":[{"embeddable":true,"href":"https:\/\/www.stredoeuropskepohlady.fss.ukf.sk\/index.php?rest_route=\/wp\/v2\/users\/5"}],"replies":[{"embeddable":true,"href":"https:\/\/www.stredoeuropskepohlady.fss.ukf.sk\/index.php?rest_route=%2Fwp%2Fv2%2Fcomments&post=5103"}],"version-history":[{"count":1,"href":"https:\/\/www.stredoeuropskepohlady.fss.ukf.sk\/index.php?rest_route=\/wp\/v2\/pages\/5103\/revisions"}],"predecessor-version":[{"id":5104,"href":"https:\/\/www.stredoeuropskepohlady.fss.ukf.sk\/index.php?rest_route=\/wp\/v2\/pages\/5103\/revisions\/5104"}],"wp:attachment":[{"href":"https:\/\/www.stredoeuropskepohlady.fss.ukf.sk\/index.php?rest_route=%2Fwp%2Fv2%2Fmedia&parent=5103"}],"curies":[{"name":"wp","href":"https:\/\/api.w.org\/{rel}","templated":true}]}}