{"id":5074,"date":"2022-07-25T10:38:34","date_gmt":"2022-07-25T08:38:34","guid":{"rendered":"https:\/\/www.stredoeuropskepohlady.fss.ukf.sk\/?page_id=5074"},"modified":"2022-07-25T11:23:11","modified_gmt":"2022-07-25T09:23:11","slug":"individualita-autorskeho-stylu-v-literarnej-moderne-k-metodologickym-moznostiam-vyskumu","status":"publish","type":"page","link":"https:\/\/www.stredoeuropskepohlady.fss.ukf.sk\/?page_id=5074","title":{"rendered":"Individualita autorsk\u00e9ho \u0161t\u00fdlu v&nbsp;liter\u00e1rnej moderne. K metodologick\u00fdm mo\u017enostiam v\u00fdskumu"},"content":{"rendered":"<h2 style=\"text-align: center;\">Individuality of Author\u2019s Style in Literary Modernism. On Methodological Possibilities of Research<\/h2>\n<h3>Zuzana Kopeck\u00e1<\/h3>\n<p><strong><span style=\"color: #666666;\">IN:\u00a0<\/span><\/strong><span style=\"color: #666666;\">Stredoeur\u00f3pske poh\u013eady, Vol. IV, Issue 1, 2022, pp. 61-65, ISSN 2644-6367 (print), ISSN-2644-6472 (online)<\/span><\/p>\n<p><a href=\"https:\/\/www.stredoeuropskepohlady.fss.ukf.sk\/wp-content\/uploads\/2022\/07\/SP_2022_01_08_Kopecka.pdf\"><strong>PDF<\/strong><\/a><\/p>\n","protected":false},"excerpt":{"rendered":"<p>Individuality of Author\u2019s Style in Literary Modernism. On Methodological Possibilities of Research Zuzana Kopeck\u00e1 IN:\u00a0Stredoeur\u00f3pske [&hellip;]<\/p>\n","protected":false},"author":5,"featured_media":0,"parent":0,"menu_order":0,"comment_status":"closed","ping_status":"closed","template":"","meta":[],"_links":{"self":[{"href":"https:\/\/www.stredoeuropskepohlady.fss.ukf.sk\/index.php?rest_route=\/wp\/v2\/pages\/5074"}],"collection":[{"href":"https:\/\/www.stredoeuropskepohlady.fss.ukf.sk\/index.php?rest_route=\/wp\/v2\/pages"}],"about":[{"href":"https:\/\/www.stredoeuropskepohlady.fss.ukf.sk\/index.php?rest_route=\/wp\/v2\/types\/page"}],"author":[{"embeddable":true,"href":"https:\/\/www.stredoeuropskepohlady.fss.ukf.sk\/index.php?rest_route=\/wp\/v2\/users\/5"}],"replies":[{"embeddable":true,"href":"https:\/\/www.stredoeuropskepohlady.fss.ukf.sk\/index.php?rest_route=%2Fwp%2Fv2%2Fcomments&post=5074"}],"version-history":[{"count":2,"href":"https:\/\/www.stredoeuropskepohlady.fss.ukf.sk\/index.php?rest_route=\/wp\/v2\/pages\/5074\/revisions"}],"predecessor-version":[{"id":5123,"href":"https:\/\/www.stredoeuropskepohlady.fss.ukf.sk\/index.php?rest_route=\/wp\/v2\/pages\/5074\/revisions\/5123"}],"wp:attachment":[{"href":"https:\/\/www.stredoeuropskepohlady.fss.ukf.sk\/index.php?rest_route=%2Fwp%2Fv2%2Fmedia&parent=5074"}],"curies":[{"name":"wp","href":"https:\/\/api.w.org\/{rel}","templated":true}]}}