{"id":5066,"date":"2022-07-25T10:36:54","date_gmt":"2022-07-25T08:36:54","guid":{"rendered":"https:\/\/www.stredoeuropskepohlady.fss.ukf.sk\/?page_id=5066"},"modified":"2022-07-25T11:22:40","modified_gmt":"2022-07-25T09:22:40","slug":"motiv-smrti-ako-nasledok-a-sucast-generacnej-skusenosti-v-tvorbe-ericha-kastnera","status":"publish","type":"page","link":"https:\/\/www.stredoeuropskepohlady.fss.ukf.sk\/?page_id=5066","title":{"rendered":"Mot\u00edv smrti ako n\u00e1sledok a&nbsp;s\u00fa\u010das\u0165 genera\u010dnej sk\u00fasenosti v&nbsp;tvorbe Ericha K\u00e4stnera"},"content":{"rendered":"<h2 style=\"text-align: center;\">The Motive of Death as a Consequence and Part of the Generation Experience in the Work of Erich K\u00e4stner<\/h2>\n<h3>Tamara \u0160imon\u010d\u00edkov\u00e1 Heribanov\u00e1<\/h3>\n<p><strong><span style=\"color: #666666;\">IN:\u00a0<\/span><\/strong><span style=\"color: #666666;\">Stredoeur\u00f3pske poh\u013eady, Vol. IV, Issue 1, 2022, pp. 52-60, ISSN 2644-6367 (print), ISSN-2644-6472 (online)<\/span><\/p>\n<p><a href=\"https:\/\/www.stredoeuropskepohlady.fss.ukf.sk\/wp-content\/uploads\/2022\/07\/SP_2022_01_07_Simoncikova_Heribanova.pdf\"><strong>PDF<\/strong><\/a><\/p>\n","protected":false},"excerpt":{"rendered":"<p>The Motive of Death as a Consequence and Part of the Generation Experience in the [&hellip;]<\/p>\n","protected":false},"author":5,"featured_media":0,"parent":0,"menu_order":0,"comment_status":"closed","ping_status":"closed","template":"","meta":[],"_links":{"self":[{"href":"https:\/\/www.stredoeuropskepohlady.fss.ukf.sk\/index.php?rest_route=\/wp\/v2\/pages\/5066"}],"collection":[{"href":"https:\/\/www.stredoeuropskepohlady.fss.ukf.sk\/index.php?rest_route=\/wp\/v2\/pages"}],"about":[{"href":"https:\/\/www.stredoeuropskepohlady.fss.ukf.sk\/index.php?rest_route=\/wp\/v2\/types\/page"}],"author":[{"embeddable":true,"href":"https:\/\/www.stredoeuropskepohlady.fss.ukf.sk\/index.php?rest_route=\/wp\/v2\/users\/5"}],"replies":[{"embeddable":true,"href":"https:\/\/www.stredoeuropskepohlady.fss.ukf.sk\/index.php?rest_route=%2Fwp%2Fv2%2Fcomments&post=5066"}],"version-history":[{"count":2,"href":"https:\/\/www.stredoeuropskepohlady.fss.ukf.sk\/index.php?rest_route=\/wp\/v2\/pages\/5066\/revisions"}],"predecessor-version":[{"id":5122,"href":"https:\/\/www.stredoeuropskepohlady.fss.ukf.sk\/index.php?rest_route=\/wp\/v2\/pages\/5066\/revisions\/5122"}],"wp:attachment":[{"href":"https:\/\/www.stredoeuropskepohlady.fss.ukf.sk\/index.php?rest_route=%2Fwp%2Fv2%2Fmedia&parent=5066"}],"curies":[{"name":"wp","href":"https:\/\/api.w.org\/{rel}","templated":true}]}}