{"id":4881,"date":"2021-12-28T18:19:25","date_gmt":"2021-12-28T17:19:25","guid":{"rendered":"http:\/\/www.stredoeuropskepohlady.fss.ukf.sk\/?page_id=4881"},"modified":"2021-12-28T18:19:25","modified_gmt":"2021-12-28T17:19:25","slug":"zsido-nosorsok-a-kortars-szlovak-prozaban-konyvismertetok-2","status":"publish","type":"page","link":"https:\/\/www.stredoeuropskepohlady.fss.ukf.sk\/?page_id=4881","title":{"rendered":"Zsid\u00f3 n\u0151sorsok a&nbsp;kort\u00e1rs szlov\u00e1k pr\u00f3z\u00e1ban (k\u00f6nyvismertet\u0151k)"},"content":{"rendered":"<h2 style=\"text-align: center;\">The Fates of Jewish Women in Contemporary Slovak Prose (Review)<\/h2>\n<h3>Magdal\u00e9na Hrb\u00e1\u010dek<\/h3>\n<p><strong><span style=\"color: #666666;\">IN:\u00a0<\/span><\/strong><span style=\"color: #666666;\">Stredoeur\u00f3pske poh\u013eady, Vol. III, Issue 2, 2021, pp. 96-97,\u00a0ISSN 2644-6367 (print), ISSN-2644-6472 (online)<\/span><\/p>\n<p><a href=\"https:\/\/www.stredoeuropskepohlady.fss.ukf.sk\/wp-content\/uploads\/2021\/12\/2021_02_12_Hrbacek.pdf\"><strong>PDF<\/strong><\/a><\/p>\n","protected":false},"excerpt":{"rendered":"<p>The Fates of Jewish Women in Contemporary Slovak Prose (Review) Magdal\u00e9na Hrb\u00e1\u010dek IN:\u00a0Stredoeur\u00f3pske poh\u013eady, Vol. [&hellip;]<\/p>\n","protected":false},"author":5,"featured_media":0,"parent":0,"menu_order":0,"comment_status":"closed","ping_status":"closed","template":"","meta":[],"_links":{"self":[{"href":"https:\/\/www.stredoeuropskepohlady.fss.ukf.sk\/index.php?rest_route=\/wp\/v2\/pages\/4881"}],"collection":[{"href":"https:\/\/www.stredoeuropskepohlady.fss.ukf.sk\/index.php?rest_route=\/wp\/v2\/pages"}],"about":[{"href":"https:\/\/www.stredoeuropskepohlady.fss.ukf.sk\/index.php?rest_route=\/wp\/v2\/types\/page"}],"author":[{"embeddable":true,"href":"https:\/\/www.stredoeuropskepohlady.fss.ukf.sk\/index.php?rest_route=\/wp\/v2\/users\/5"}],"replies":[{"embeddable":true,"href":"https:\/\/www.stredoeuropskepohlady.fss.ukf.sk\/index.php?rest_route=%2Fwp%2Fv2%2Fcomments&post=4881"}],"version-history":[{"count":1,"href":"https:\/\/www.stredoeuropskepohlady.fss.ukf.sk\/index.php?rest_route=\/wp\/v2\/pages\/4881\/revisions"}],"predecessor-version":[{"id":4882,"href":"https:\/\/www.stredoeuropskepohlady.fss.ukf.sk\/index.php?rest_route=\/wp\/v2\/pages\/4881\/revisions\/4882"}],"wp:attachment":[{"href":"https:\/\/www.stredoeuropskepohlady.fss.ukf.sk\/index.php?rest_route=%2Fwp%2Fv2%2Fmedia&parent=4881"}],"curies":[{"name":"wp","href":"https:\/\/api.w.org\/{rel}","templated":true}]}}