{"id":4834,"date":"2021-12-28T17:42:48","date_gmt":"2021-12-28T16:42:48","guid":{"rendered":"http:\/\/www.stredoeuropskepohlady.fss.ukf.sk\/?page_id=4834"},"modified":"2021-12-28T17:42:48","modified_gmt":"2021-12-28T16:42:48","slug":"a-holokauszt-kedves-arca-dr-szanto-endre-munkaszolgalatos-naploja-es-fenykepei-1940-bol","status":"publish","type":"page","link":"https:\/\/www.stredoeuropskepohlady.fss.ukf.sk\/?page_id=4834","title":{"rendered":"A&nbsp;holokauszt \u201ekedves\u201d arca. Dr.&nbsp;Sz\u00e1nt\u00f3 Endre munkaszolg\u00e1latos napl\u00f3ja \u00e9s&nbsp;f\u00e9nyk\u00e9pei 1940-b\u0151l"},"content":{"rendered":"<h2 style=\"text-align: center;\">The \u201cSunny\u201d Side of the Holocaust. Dr.&nbsp;Endre Sz\u00e1nt\u00f3\u2019s and Dr.&nbsp;Ervin Sz\u00e1nt\u00f3\u2019s Diary and Photoalbums from their Forced Labour Service, 1940<\/h2>\n<h3>Andr\u00e1s L\u00e9n\u00e1rt<\/h3>\n<p><strong><span style=\"color: #666666;\">IN:\u00a0<\/span><\/strong><span style=\"color: #666666;\">Stredoeur\u00f3pske poh\u013eady, Vol. III, Issue 2, 2021, pp. 83-95,\u00a0ISSN 2644-6367 (print), ISSN-2644-6472 (online)<\/span><\/p>\n<p><a href=\"https:\/\/www.stredoeuropskepohlady.fss.ukf.sk\/wp-content\/uploads\/2021\/12\/2021_02_11_Lenart.pdf\"><strong>PDF<\/strong><\/a><\/p>\n","protected":false},"excerpt":{"rendered":"<p>The \u201cSunny\u201d Side of the Holocaust. Dr.&nbsp;Endre Sz\u00e1nt\u00f3\u2019s and Dr.&nbsp;Ervin Sz\u00e1nt\u00f3\u2019s Diary and Photoalbums from [&hellip;]<\/p>\n","protected":false},"author":5,"featured_media":0,"parent":0,"menu_order":0,"comment_status":"closed","ping_status":"closed","template":"","meta":[],"_links":{"self":[{"href":"https:\/\/www.stredoeuropskepohlady.fss.ukf.sk\/index.php?rest_route=\/wp\/v2\/pages\/4834"}],"collection":[{"href":"https:\/\/www.stredoeuropskepohlady.fss.ukf.sk\/index.php?rest_route=\/wp\/v2\/pages"}],"about":[{"href":"https:\/\/www.stredoeuropskepohlady.fss.ukf.sk\/index.php?rest_route=\/wp\/v2\/types\/page"}],"author":[{"embeddable":true,"href":"https:\/\/www.stredoeuropskepohlady.fss.ukf.sk\/index.php?rest_route=\/wp\/v2\/users\/5"}],"replies":[{"embeddable":true,"href":"https:\/\/www.stredoeuropskepohlady.fss.ukf.sk\/index.php?rest_route=%2Fwp%2Fv2%2Fcomments&post=4834"}],"version-history":[{"count":1,"href":"https:\/\/www.stredoeuropskepohlady.fss.ukf.sk\/index.php?rest_route=\/wp\/v2\/pages\/4834\/revisions"}],"predecessor-version":[{"id":4835,"href":"https:\/\/www.stredoeuropskepohlady.fss.ukf.sk\/index.php?rest_route=\/wp\/v2\/pages\/4834\/revisions\/4835"}],"wp:attachment":[{"href":"https:\/\/www.stredoeuropskepohlady.fss.ukf.sk\/index.php?rest_route=%2Fwp%2Fv2%2Fmedia&parent=4834"}],"curies":[{"name":"wp","href":"https:\/\/api.w.org\/{rel}","templated":true}]}}