{"id":4808,"date":"2021-12-28T17:22:17","date_gmt":"2021-12-28T16:22:17","guid":{"rendered":"http:\/\/www.stredoeuropskepohlady.fss.ukf.sk\/?page_id=4808"},"modified":"2021-12-28T17:22:17","modified_gmt":"2021-12-28T16:22:17","slug":"ladislav-fuks-a-jeho-variace-pro-temnou-strunu-zidovska-tematika-jako-metafora-vselidskeho-utrpeni","status":"publish","type":"page","link":"https:\/\/www.stredoeuropskepohlady.fss.ukf.sk\/?page_id=4808","title":{"rendered":"Ladislav Fuks a&nbsp;jeho <em>Variace pro&nbsp;temnou strunu<\/em>: \u017didovsk\u00e1 tematika jako metafora v\u0161elidsk\u00e9ho utrpen\u00ed"},"content":{"rendered":"<h2 style=\"text-align: center;\">Ladislav Fuks and His <em>Variations for a Dark String<\/em>: Jewish Themes as a Metaphor for Human Suffering<\/h2>\n<h3>Milo\u0161 Zelenka<\/h3>\n<p><strong><span style=\"color: #666666;\">IN:\u00a0<\/span><\/strong><span style=\"color: #666666;\">Stredoeur\u00f3pske poh\u013eady, Vol. III, Issue 2, 2021, pp. 21-30,\u00a0ISSN 2644-6367 (print), ISSN-2644-6472 (online)<\/span><\/p>\n<p><a href=\"https:\/\/www.stredoeuropskepohlady.fss.ukf.sk\/wp-content\/uploads\/2021\/12\/2021_02_04_Zelenka.pdf\"><strong>PDF<\/strong><\/a><\/p>\n","protected":false},"excerpt":{"rendered":"<p>Ladislav Fuks and His Variations for a Dark String: Jewish Themes as a Metaphor for [&hellip;]<\/p>\n","protected":false},"author":5,"featured_media":0,"parent":0,"menu_order":0,"comment_status":"closed","ping_status":"closed","template":"","meta":[],"_links":{"self":[{"href":"https:\/\/www.stredoeuropskepohlady.fss.ukf.sk\/index.php?rest_route=\/wp\/v2\/pages\/4808"}],"collection":[{"href":"https:\/\/www.stredoeuropskepohlady.fss.ukf.sk\/index.php?rest_route=\/wp\/v2\/pages"}],"about":[{"href":"https:\/\/www.stredoeuropskepohlady.fss.ukf.sk\/index.php?rest_route=\/wp\/v2\/types\/page"}],"author":[{"embeddable":true,"href":"https:\/\/www.stredoeuropskepohlady.fss.ukf.sk\/index.php?rest_route=\/wp\/v2\/users\/5"}],"replies":[{"embeddable":true,"href":"https:\/\/www.stredoeuropskepohlady.fss.ukf.sk\/index.php?rest_route=%2Fwp%2Fv2%2Fcomments&post=4808"}],"version-history":[{"count":1,"href":"https:\/\/www.stredoeuropskepohlady.fss.ukf.sk\/index.php?rest_route=\/wp\/v2\/pages\/4808\/revisions"}],"predecessor-version":[{"id":4809,"href":"https:\/\/www.stredoeuropskepohlady.fss.ukf.sk\/index.php?rest_route=\/wp\/v2\/pages\/4808\/revisions\/4809"}],"wp:attachment":[{"href":"https:\/\/www.stredoeuropskepohlady.fss.ukf.sk\/index.php?rest_route=%2Fwp%2Fv2%2Fmedia&parent=4808"}],"curies":[{"name":"wp","href":"https:\/\/api.w.org\/{rel}","templated":true}]}}