{"id":4674,"date":"2021-08-08T10:01:32","date_gmt":"2021-08-08T08:01:32","guid":{"rendered":"http:\/\/www.stredoeuropskepohlady.fss.ukf.sk\/?page_id=4674"},"modified":"2021-12-28T16:55:08","modified_gmt":"2021-12-28T15:55:08","slug":"fenomen-postavy-a-jej-prezentacia-v-sucasnej-slovenskej-a-ceskej-proze-v-stredoeuropskych-suvislostiach-editorial","status":"publish","type":"page","link":"https:\/\/www.stredoeuropskepohlady.fss.ukf.sk\/?page_id=4674","title":{"rendered":"Fenom\u00e9n postavy a&nbsp;jej prezent\u00e1cia v&nbsp;s\u00fa\u010dasnej slovenskej a \u010deskej pr\u00f3ze v&nbsp;stredoeur\u00f3pskych s\u00favislostiach (editori\u00e1l)"},"content":{"rendered":"<h2 style=\"text-align: center;\">The Phenomenon of the Character and its Presentation in Contemporary Slovak and Czech Prose in the Central European Context (Editorial)<\/h2>\n<h3>\u0160tefan Timko \u2013 Lenka Tk\u00e1\u010d-Zab\u00e1kov\u00e1<\/h3>\n<p><strong><span style=\"color: #666666;\">IN:\u00a0<\/span><\/strong><span style=\"color: #666666;\">Stredoeur\u00f3pske poh\u013eady, Vol. III, Issue 1, 2021, pp. 3,\u00a0ISSN 2644-6367 (print), ISSN-2644-6472 (online)<\/span><\/p>\n<p><a href=\"https:\/\/www.stredoeuropskepohlady.fss.ukf.sk\/wp-content\/uploads\/2021\/08\/SP_2021_01_01_Editorial.pdf\"><strong>PDF<\/strong><\/a><\/p>\n","protected":false},"excerpt":{"rendered":"<p>The Phenomenon of the Character and its Presentation in Contemporary Slovak and Czech Prose in [&hellip;]<\/p>\n","protected":false},"author":5,"featured_media":0,"parent":0,"menu_order":0,"comment_status":"closed","ping_status":"closed","template":"","meta":[],"_links":{"self":[{"href":"https:\/\/www.stredoeuropskepohlady.fss.ukf.sk\/index.php?rest_route=\/wp\/v2\/pages\/4674"}],"collection":[{"href":"https:\/\/www.stredoeuropskepohlady.fss.ukf.sk\/index.php?rest_route=\/wp\/v2\/pages"}],"about":[{"href":"https:\/\/www.stredoeuropskepohlady.fss.ukf.sk\/index.php?rest_route=\/wp\/v2\/types\/page"}],"author":[{"embeddable":true,"href":"https:\/\/www.stredoeuropskepohlady.fss.ukf.sk\/index.php?rest_route=\/wp\/v2\/users\/5"}],"replies":[{"embeddable":true,"href":"https:\/\/www.stredoeuropskepohlady.fss.ukf.sk\/index.php?rest_route=%2Fwp%2Fv2%2Fcomments&post=4674"}],"version-history":[{"count":3,"href":"https:\/\/www.stredoeuropskepohlady.fss.ukf.sk\/index.php?rest_route=\/wp\/v2\/pages\/4674\/revisions"}],"predecessor-version":[{"id":4785,"href":"https:\/\/www.stredoeuropskepohlady.fss.ukf.sk\/index.php?rest_route=\/wp\/v2\/pages\/4674\/revisions\/4785"}],"wp:attachment":[{"href":"https:\/\/www.stredoeuropskepohlady.fss.ukf.sk\/index.php?rest_route=%2Fwp%2Fv2%2Fmedia&parent=4674"}],"curies":[{"name":"wp","href":"https:\/\/api.w.org\/{rel}","templated":true}]}}