{"id":4577,"date":"2020-12-22T11:46:51","date_gmt":"2020-12-22T10:46:51","guid":{"rendered":"http:\/\/www.stredoeuropskepohlady.fss.ukf.sk\/?page_id=4577"},"modified":"2020-12-22T12:02:03","modified_gmt":"2020-12-22T11:02:03","slug":"zrozeni-jitrniho-zraku-existencialita-a-mystika-v-ranem-dile-jana-cepa-od-juvenilii-k-dvojimu-domovu-a-vigiliim","status":"publish","type":"page","link":"https:\/\/www.stredoeuropskepohlady.fss.ukf.sk\/?page_id=4577","title":{"rendered":"Zrozen\u00ed jit\u0159n\u00edho zraku: existencialita a&nbsp;mystika v&nbsp;ran\u00e9m d\u00edle Jana \u010cepa (od juvenili\u00ed k&nbsp;<em>Dvoj\u00edmu domovu<\/em> a&nbsp;<em>Vigili\u00edm<\/em>)"},"content":{"rendered":"<h2 style=\"text-align: center;\">The Birth of the Inner Inspection: Existence and Mystics in the Early Work of Jan \u010cep (from Juvenilia to \u201cTwo Home\u201d and \u201cVigilia\u201d)<\/h2>\n<h3>Petr Komenda<\/h3>\n<p><strong><span style=\"color: #666666;\">IN:\u00a0<\/span><\/strong><span style=\"color: #666666;\">Stredoeur\u00f3pske poh\u013eady, Vol. II., Issue 2, 2020, pp. 57-68,\u00a0ISSN 2644-6367 (print), ISSN-2644-6472 (online)<\/span><\/p>\n<p><a href=\"https:\/\/www.stredoeuropskepohlady.fss.ukf.sk\/wp-content\/uploads\/2020\/12\/06-Komenda.pdf\"><strong>PDF<\/strong><\/a><\/p>\n","protected":false},"excerpt":{"rendered":"<p>The Birth of the Inner Inspection: Existence and Mystics in the Early Work of Jan [&hellip;]<\/p>\n","protected":false},"author":5,"featured_media":0,"parent":0,"menu_order":0,"comment_status":"closed","ping_status":"closed","template":"","meta":[],"_links":{"self":[{"href":"https:\/\/www.stredoeuropskepohlady.fss.ukf.sk\/index.php?rest_route=\/wp\/v2\/pages\/4577"}],"collection":[{"href":"https:\/\/www.stredoeuropskepohlady.fss.ukf.sk\/index.php?rest_route=\/wp\/v2\/pages"}],"about":[{"href":"https:\/\/www.stredoeuropskepohlady.fss.ukf.sk\/index.php?rest_route=\/wp\/v2\/types\/page"}],"author":[{"embeddable":true,"href":"https:\/\/www.stredoeuropskepohlady.fss.ukf.sk\/index.php?rest_route=\/wp\/v2\/users\/5"}],"replies":[{"embeddable":true,"href":"https:\/\/www.stredoeuropskepohlady.fss.ukf.sk\/index.php?rest_route=%2Fwp%2Fv2%2Fcomments&post=4577"}],"version-history":[{"count":2,"href":"https:\/\/www.stredoeuropskepohlady.fss.ukf.sk\/index.php?rest_route=\/wp\/v2\/pages\/4577\/revisions"}],"predecessor-version":[{"id":4605,"href":"https:\/\/www.stredoeuropskepohlady.fss.ukf.sk\/index.php?rest_route=\/wp\/v2\/pages\/4577\/revisions\/4605"}],"wp:attachment":[{"href":"https:\/\/www.stredoeuropskepohlady.fss.ukf.sk\/index.php?rest_route=%2Fwp%2Fv2%2Fmedia&parent=4577"}],"curies":[{"name":"wp","href":"https:\/\/api.w.org\/{rel}","templated":true}]}}