{"id":4379,"date":"2020-07-13T14:27:04","date_gmt":"2020-07-13T12:27:04","guid":{"rendered":"http:\/\/www.stredoeuropskepohlady.fss.ukf.sk\/?page_id=4379"},"modified":"2020-07-15T11:56:30","modified_gmt":"2020-07-15T09:56:30","slug":"pedagogiai-hoskoltemeny-magyarorszagon-1938-1942-recenzio-2","status":"publish","type":"page","link":"https:\/\/www.stredoeuropskepohlady.fss.ukf.sk\/?page_id=4379","title":{"rendered":"\u201ePedag\u00f3giai h\u0151sk\u00f6ltem\u00e9ny\u201c Magyarorsz\u00e1gon: 1938\u20131942 (recenzi\u00f3)"},"content":{"rendered":"<h2 style=\"text-align: center;\"> \u201cPedagogical poem\u201d in Hungary: 1938 \u2013 1942 (Review)<\/h2>\n<h3>Oleg Fedoszov<\/h3>\n<p><strong><span style=\"color: #666666;\">IN:\u00a0<\/span><\/strong><span style=\"color: #666666;\">Stredoeur\u00f3pske poh\u013eady, Vol. II., Issue 1, 2020, pp. 81-84,\u00a0ISSN 2644-6367 (print), ISSN-2644-6472 (online)<\/span><\/p>\n<p><strong>DOI:\u00a0<\/strong>10.17846\/CEV.2020.02.1.81-84<\/p>\n<p><strong>Abstract:<\/strong><\/p>\n<blockquote style=\"font-size: 14pt; font-family: 'Source Sans Pro', 'Helvetica Neue', Helvetica, Arial, sans-serif;\"><p>The article deals with manifestations of anti-Semitism on the ground of the Czech media after 1989. It states that manifestations of anti-Semitism in the Czech media can be categorized into three basic types: conspiracy, which attributes to Jews an effort to dominate the world; political, which is defined in relation to the State of Israel, and vulgar, occurring mainly in discussions on the Internet. Although the trend of the occurrence of anti-Semitic manifestations in the media is slightly upward, it does not exceed the extreme range and is not a threat to the normal life of society.<\/p><\/blockquote>\n<p><a href=\"https:\/\/www.stredoeuropskepohlady.fss.ukf.sk\/wp-content\/uploads\/2020\/07\/2020-01-10_Fedoszov_recenzia.pdf\"><strong>PDF<\/strong><\/a><\/p>\n","protected":false},"excerpt":{"rendered":"<p>\u201cPedagogical poem\u201d in Hungary: 1938 \u2013 1942 (Review) Oleg Fedoszov IN:\u00a0Stredoeur\u00f3pske poh\u013eady, Vol. II., Issue [&hellip;]<\/p>\n","protected":false},"author":5,"featured_media":0,"parent":0,"menu_order":0,"comment_status":"closed","ping_status":"closed","template":"","meta":[],"_links":{"self":[{"href":"https:\/\/www.stredoeuropskepohlady.fss.ukf.sk\/index.php?rest_route=\/wp\/v2\/pages\/4379"}],"collection":[{"href":"https:\/\/www.stredoeuropskepohlady.fss.ukf.sk\/index.php?rest_route=\/wp\/v2\/pages"}],"about":[{"href":"https:\/\/www.stredoeuropskepohlady.fss.ukf.sk\/index.php?rest_route=\/wp\/v2\/types\/page"}],"author":[{"embeddable":true,"href":"https:\/\/www.stredoeuropskepohlady.fss.ukf.sk\/index.php?rest_route=\/wp\/v2\/users\/5"}],"replies":[{"embeddable":true,"href":"https:\/\/www.stredoeuropskepohlady.fss.ukf.sk\/index.php?rest_route=%2Fwp%2Fv2%2Fcomments&post=4379"}],"version-history":[{"count":1,"href":"https:\/\/www.stredoeuropskepohlady.fss.ukf.sk\/index.php?rest_route=\/wp\/v2\/pages\/4379\/revisions"}],"predecessor-version":[{"id":4380,"href":"https:\/\/www.stredoeuropskepohlady.fss.ukf.sk\/index.php?rest_route=\/wp\/v2\/pages\/4379\/revisions\/4380"}],"wp:attachment":[{"href":"https:\/\/www.stredoeuropskepohlady.fss.ukf.sk\/index.php?rest_route=%2Fwp%2Fv2%2Fmedia&parent=4379"}],"curies":[{"name":"wp","href":"https:\/\/api.w.org\/{rel}","templated":true}]}}