{"id":4374,"date":"2020-07-13T14:26:20","date_gmt":"2020-07-13T12:26:20","guid":{"rendered":"http:\/\/www.stredoeuropskepohlady.fss.ukf.sk\/?page_id=4374"},"modified":"2020-07-15T11:59:54","modified_gmt":"2020-07-15T09:59:54","slug":"politicka-retorika-antisemitizmus-v-diskurze-politickej-strany-kotlebovci-ludova-strana-nase-slovensko-2","status":"publish","type":"page","link":"https:\/\/www.stredoeuropskepohlady.fss.ukf.sk\/?page_id=4374","title":{"rendered":"Politick\u00e1 r\u00e9torika: Antisemitizmus v&nbsp;diskurze politickej strany Kotlebovci \u2013 \u013dudov\u00e1 strana Na\u0161e Slovensko"},"content":{"rendered":"<h2 style=\"text-align: center;\">Anti-Semitism in the Discourse of the Political Party Kotlebovci \u2013 \u013dudov\u00e1 Strana Na\u0161e Slovensko<\/h2>\n<h3>Katar\u00edna \u017de\u0148uchov\u00e1<\/h3>\n<p><strong><span style=\"color: #666666;\">IN:\u00a0<\/span><\/strong><span style=\"color: #666666;\">Stredoeur\u00f3pske poh\u013eady, Vol. II., Issue 1, 2020, pp. 62-71,\u00a0ISSN 2644-6367 (print), ISSN-2644-6472 (online)<\/span><\/p>\n<p><strong>DOI:\u00a0<\/strong>10.17846\/CEV.2020.02.1.62-71<\/p>\n<p><strong>Abstract:<\/strong><\/p>\n<blockquote style=\"font-size: 14pt; font-family: 'Source Sans Pro', 'Helvetica Neue', Helvetica, Arial, sans-serif;\"><p>The paper discusses anti-Semitic stereotypes used in media, in political discussions of Kotlebovci \u2013 \u013dudov\u00e1 strana Na\u0161e Slovensko. Political rhetoric has always been a part of persuasive communication and using it can manipulate, affect and change societal cognitive opinions. The author focuses on spoken and written communication with anti-Semitic aspects, which caused reactions from the public and media. On these examples the author points to stereotypes in anti-Semitic discourse, which are some of the main topical and argumentative pillars and strategies of this political party.<\/p><\/blockquote>\n<p><a href=\"https:\/\/www.stredoeuropskepohlady.fss.ukf.sk\/wp-content\/uploads\/2020\/07\/2020-01_08_Zenuchova.pdf\"><strong>PDF<\/strong><\/a><\/p>\n","protected":false},"excerpt":{"rendered":"<p>Anti-Semitism in the Discourse of the Political Party Kotlebovci \u2013 \u013dudov\u00e1 Strana Na\u0161e Slovensko Katar\u00edna [&hellip;]<\/p>\n","protected":false},"author":5,"featured_media":0,"parent":0,"menu_order":0,"comment_status":"closed","ping_status":"closed","template":"","meta":[],"_links":{"self":[{"href":"https:\/\/www.stredoeuropskepohlady.fss.ukf.sk\/index.php?rest_route=\/wp\/v2\/pages\/4374"}],"collection":[{"href":"https:\/\/www.stredoeuropskepohlady.fss.ukf.sk\/index.php?rest_route=\/wp\/v2\/pages"}],"about":[{"href":"https:\/\/www.stredoeuropskepohlady.fss.ukf.sk\/index.php?rest_route=\/wp\/v2\/types\/page"}],"author":[{"embeddable":true,"href":"https:\/\/www.stredoeuropskepohlady.fss.ukf.sk\/index.php?rest_route=\/wp\/v2\/users\/5"}],"replies":[{"embeddable":true,"href":"https:\/\/www.stredoeuropskepohlady.fss.ukf.sk\/index.php?rest_route=%2Fwp%2Fv2%2Fcomments&post=4374"}],"version-history":[{"count":4,"href":"https:\/\/www.stredoeuropskepohlady.fss.ukf.sk\/index.php?rest_route=\/wp\/v2\/pages\/4374\/revisions"}],"predecessor-version":[{"id":4445,"href":"https:\/\/www.stredoeuropskepohlady.fss.ukf.sk\/index.php?rest_route=\/wp\/v2\/pages\/4374\/revisions\/4445"}],"wp:attachment":[{"href":"https:\/\/www.stredoeuropskepohlady.fss.ukf.sk\/index.php?rest_route=%2Fwp%2Fv2%2Fmedia&parent=4374"}],"curies":[{"name":"wp","href":"https:\/\/api.w.org\/{rel}","templated":true}]}}