{"id":4355,"date":"2020-07-13T14:23:12","date_gmt":"2020-07-13T12:23:12","guid":{"rendered":"http:\/\/www.stredoeuropskepohlady.fss.ukf.sk\/?page_id=4355"},"modified":"2020-07-15T12:05:02","modified_gmt":"2020-07-15T10:05:02","slug":"zidovska-smiechova-kultura-2","status":"publish","type":"page","link":"https:\/\/www.stredoeuropskepohlady.fss.ukf.sk\/?page_id=4355","title":{"rendered":"\u017didovsk\u00e1 smiechov\u00e1 kult\u00fara"},"content":{"rendered":"<h2 style=\"text-align: center;\"> Jewish Laughter Culture<\/h2>\n<h3>Tibor \u017dilka<\/h3>\n<p><strong><span style=\"color: #666666;\">IN:\u00a0<\/span><\/strong><span style=\"color: #666666;\">Stredoeur\u00f3pske poh\u013eady, Vol. II., Issue 1, 2020, pp. 7-14,\u00a0ISSN 2644-6367 (print), ISSN-2644-6472 (online)<\/span><\/p>\n<p><strong>DOI:\u00a0<\/strong>10.17846\/CEV.2020.02.1.7-14<\/p>\n<p><strong>Abstract:<\/strong><\/p>\n<blockquote style=\"font-size: 14pt; font-family: 'Source Sans Pro', 'Helvetica Neue', Helvetica, Arial, sans-serif;\"><p>The author focuses on the occurrence of specific means of expression which are characteristic for Jewish humour and its culture, dating back to the distant past. It studies mainly anecdotes and jokes as the most popular \u201cproducts\u201d of urban folklore, but also their structure and linguistic-stylistic peculiarities. The author concluded in his reflections that Jewish humour manifests the wisdom of this ethnicity and the specific texts of this provenance have their permanent characters such as a rabbi, a merchant, or a doctor. Some names such as Kohn, Stern, Gr\u00fcn, etc. are repeated. In the paper, each of these features of Jewish humour is thoroughly interpreted and explained. Individual phenomena of \u201claughter culture\u201d are also analysed on the basis of heuristic material and examples from the artistic work of writers and poets (Pavol Strauss, Tomas Janovic, Edgar Hilsenrath). Particular emphasis is also placed on the function of humour in Jewish culture and its representatives. Some of them are not only writers, but also good theoreticians. Peter Karva\u0161 is an example of this phenomenon.<\/p><\/blockquote>\n<p><a href=\"https:\/\/www.stredoeuropskepohlady.fss.ukf.sk\/wp-content\/uploads\/2020\/07\/2020-01_01_Zilka.pdf\"><strong>PDF<\/strong><\/a><\/p>\n","protected":false},"excerpt":{"rendered":"<p>Jewish Laughter Culture Tibor \u017dilka IN:\u00a0Stredoeur\u00f3pske poh\u013eady, Vol. II., Issue 1, 2020, pp. 7-14,\u00a0ISSN 2644-6367 [&hellip;]<\/p>\n","protected":false},"author":5,"featured_media":0,"parent":0,"menu_order":0,"comment_status":"closed","ping_status":"closed","template":"","meta":[],"_links":{"self":[{"href":"https:\/\/www.stredoeuropskepohlady.fss.ukf.sk\/index.php?rest_route=\/wp\/v2\/pages\/4355"}],"collection":[{"href":"https:\/\/www.stredoeuropskepohlady.fss.ukf.sk\/index.php?rest_route=\/wp\/v2\/pages"}],"about":[{"href":"https:\/\/www.stredoeuropskepohlady.fss.ukf.sk\/index.php?rest_route=\/wp\/v2\/types\/page"}],"author":[{"embeddable":true,"href":"https:\/\/www.stredoeuropskepohlady.fss.ukf.sk\/index.php?rest_route=\/wp\/v2\/users\/5"}],"replies":[{"embeddable":true,"href":"https:\/\/www.stredoeuropskepohlady.fss.ukf.sk\/index.php?rest_route=%2Fwp%2Fv2%2Fcomments&post=4355"}],"version-history":[{"count":1,"href":"https:\/\/www.stredoeuropskepohlady.fss.ukf.sk\/index.php?rest_route=\/wp\/v2\/pages\/4355\/revisions"}],"predecessor-version":[{"id":4357,"href":"https:\/\/www.stredoeuropskepohlady.fss.ukf.sk\/index.php?rest_route=\/wp\/v2\/pages\/4355\/revisions\/4357"}],"wp:attachment":[{"href":"https:\/\/www.stredoeuropskepohlady.fss.ukf.sk\/index.php?rest_route=%2Fwp%2Fv2%2Fmedia&parent=4355"}],"curies":[{"name":"wp","href":"https:\/\/api.w.org\/{rel}","templated":true}]}}