{"id":4329,"date":"2020-07-13T13:52:40","date_gmt":"2020-07-13T11:52:40","guid":{"rendered":"http:\/\/www.stredoeuropskepohlady.fss.ukf.sk\/?page_id=4329"},"modified":"2020-07-15T11:02:50","modified_gmt":"2020-07-15T09:02:50","slug":"dekonstrukcia-narodnostnych-a-etnickych-stereotypov-v-romane-evy-rossmannovej-patrioti","status":"publish","type":"page","link":"https:\/\/www.stredoeuropskepohlady.fss.ukf.sk\/?page_id=4329","title":{"rendered":"(De)kon\u0161trukcia n\u00e1rodnostn\u00fdch a&nbsp;etnick\u00fdch stereotypov v&nbsp;rom\u00e1ne Evy Rossmannovej Patrioti"},"content":{"rendered":"<h2 style=\"text-align: center;\">(De)Construction of National and Ethnic Stereotypes in the Novel <em>Patriots<\/em> by Eva Rossmann<\/h2>\n<h3>Katar\u00edna Zechelov\u00e1<\/h3>\n<p><strong><span style=\"color: #666666;\">IN:\u00a0<\/span><\/strong><span style=\"color: #666666;\">Stredoeur\u00f3pske poh\u013eady, Vol. II., Issue 1, 2020, pp. 32-38,\u00a0ISSN 2644-6367 (print), ISSN-2644-6472 (online)<\/span><\/p>\n<p><strong>DOI:\u00a0<\/strong>10.17846\/CEV.2020.02.1.32-38<\/p>\n<p><strong>Abstract:<\/strong><\/p>\n<blockquote style=\"font-size: 14pt; font-family: 'Source Sans Pro', 'Helvetica Neue', Helvetica, Arial, sans-serif;\"><p>Eva Rossmann, contemporary Austrian writer and journalist, encompasses a variety of current global issues and themes in her novels including climate crisis, nationalism, populism, immigration, data collection via social networks etc. The current essay analyses the different forms of featuring national, racial and ethnical stereotypes in the novel entitled Patriots (2017), which she identifies as prejudices and preconceptions present in the thinking of individuals. In the novel, these, mostly negative \u201cimages\u201d (Dyserinck), are deliberately constructed and spread by the social networks with the aim to create sharp boundaries between \u201cwe-group\u201d and \u201cthe Other\u201d (Fischer). The current essay investigates the poetical techniques, through which the author gradually deconstructs the negative stereotypes and images in question.<\/p><\/blockquote>\n<p><a href=\"https:\/\/www.stredoeuropskepohlady.fss.ukf.sk\/wp-content\/uploads\/2020\/07\/2020-01_04_Zechelova.pdf\"><strong>PDF<\/strong><\/a><\/p>\n","protected":false},"excerpt":{"rendered":"<p>(De)Construction of National and Ethnic Stereotypes in the Novel Patriots by Eva Rossmann Katar\u00edna Zechelov\u00e1 [&hellip;]<\/p>\n","protected":false},"author":5,"featured_media":0,"parent":0,"menu_order":0,"comment_status":"closed","ping_status":"closed","template":"","meta":[],"_links":{"self":[{"href":"https:\/\/www.stredoeuropskepohlady.fss.ukf.sk\/index.php?rest_route=\/wp\/v2\/pages\/4329"}],"collection":[{"href":"https:\/\/www.stredoeuropskepohlady.fss.ukf.sk\/index.php?rest_route=\/wp\/v2\/pages"}],"about":[{"href":"https:\/\/www.stredoeuropskepohlady.fss.ukf.sk\/index.php?rest_route=\/wp\/v2\/types\/page"}],"author":[{"embeddable":true,"href":"https:\/\/www.stredoeuropskepohlady.fss.ukf.sk\/index.php?rest_route=\/wp\/v2\/users\/5"}],"replies":[{"embeddable":true,"href":"https:\/\/www.stredoeuropskepohlady.fss.ukf.sk\/index.php?rest_route=%2Fwp%2Fv2%2Fcomments&post=4329"}],"version-history":[{"count":4,"href":"https:\/\/www.stredoeuropskepohlady.fss.ukf.sk\/index.php?rest_route=\/wp\/v2\/pages\/4329\/revisions"}],"predecessor-version":[{"id":4422,"href":"https:\/\/www.stredoeuropskepohlady.fss.ukf.sk\/index.php?rest_route=\/wp\/v2\/pages\/4329\/revisions\/4422"}],"wp:attachment":[{"href":"https:\/\/www.stredoeuropskepohlady.fss.ukf.sk\/index.php?rest_route=%2Fwp%2Fv2%2Fmedia&parent=4329"}],"curies":[{"name":"wp","href":"https:\/\/api.w.org\/{rel}","templated":true}]}}