{"id":4323,"date":"2020-07-13T13:47:58","date_gmt":"2020-07-13T11:47:58","guid":{"rendered":"http:\/\/www.stredoeuropskepohlady.fss.ukf.sk\/?page_id=4323"},"modified":"2020-07-15T11:54:44","modified_gmt":"2020-07-15T09:54:44","slug":"aktualizacia-antisemitskych-mytogem-v-sucasnom-verejnom-priestore-na-slovensku-a-ich-analyza-v-publicistike","status":"publish","type":"page","link":"https:\/\/www.stredoeuropskepohlady.fss.ukf.sk\/?page_id=4323","title":{"rendered":"Aktualiz\u00e1cia antisemitsk\u00fdch mytog\u00e9m v&nbsp;s\u00fa\u010dasnom verejnom priestore na Slovensku a&nbsp;ich anal\u00fdza v publicistike"},"content":{"rendered":"<h2 style=\"text-align: center;\">Updating of Anti-Semitic Mytogemas in Current Public Space in Slovakia and Their Analysis in Journalism<\/h2>\n<h3>Pavol Markovi\u010d<\/h3>\n<p><strong><span style=\"color: #666666;\">IN:\u00a0<\/span><\/strong><span style=\"color: #666666;\">Stredoeur\u00f3pske poh\u013eady, Vol. II., Issue 1, 2020, pp. 27-31,\u00a0ISSN 2644-6367 (print), ISSN-2644-6472 (online)<\/span><\/p>\n<p><strong>DOI:\u00a0<\/strong>10.17846\/CEV.2020.02.1.27-31<\/p>\n<p><strong>Abstract:<\/strong><\/p>\n<blockquote style=\"font-size: 14pt; font-family: 'Source Sans Pro', 'Helvetica Neue', Helvetica, Arial, sans-serif;\"><p>The paper focuses on the issue of restoring of anti-Semitic mythologies in the Slovak public space. It emphasizes the polarity of rationality of dialog versus irrational quality of mythogema. Mythogemas are not mythological in the true sense of the word, but are limited by its deformations and are linked to pathological, destructive changes. Article studies the material of selected Slovak journalistic texts and compares opinions on the probability of an onset of the destructive paradigm and possible ways to avert it.<\/p><\/blockquote>\n<p><a href=\"https:\/\/www.stredoeuropskepohlady.fss.ukf.sk\/wp-content\/uploads\/2020\/07\/2020-01_03_Markovic.pdf\"><strong>PDF<\/strong><\/a><\/p>\n","protected":false},"excerpt":{"rendered":"<p>Updating of Anti-Semitic Mytogemas in Current Public Space in Slovakia and Their Analysis in Journalism [&hellip;]<\/p>\n","protected":false},"author":5,"featured_media":0,"parent":0,"menu_order":0,"comment_status":"closed","ping_status":"closed","template":"","meta":[],"_links":{"self":[{"href":"https:\/\/www.stredoeuropskepohlady.fss.ukf.sk\/index.php?rest_route=\/wp\/v2\/pages\/4323"}],"collection":[{"href":"https:\/\/www.stredoeuropskepohlady.fss.ukf.sk\/index.php?rest_route=\/wp\/v2\/pages"}],"about":[{"href":"https:\/\/www.stredoeuropskepohlady.fss.ukf.sk\/index.php?rest_route=\/wp\/v2\/types\/page"}],"author":[{"embeddable":true,"href":"https:\/\/www.stredoeuropskepohlady.fss.ukf.sk\/index.php?rest_route=\/wp\/v2\/users\/5"}],"replies":[{"embeddable":true,"href":"https:\/\/www.stredoeuropskepohlady.fss.ukf.sk\/index.php?rest_route=%2Fwp%2Fv2%2Fcomments&post=4323"}],"version-history":[{"count":4,"href":"https:\/\/www.stredoeuropskepohlady.fss.ukf.sk\/index.php?rest_route=\/wp\/v2\/pages\/4323\/revisions"}],"predecessor-version":[{"id":4421,"href":"https:\/\/www.stredoeuropskepohlady.fss.ukf.sk\/index.php?rest_route=\/wp\/v2\/pages\/4323\/revisions\/4421"}],"wp:attachment":[{"href":"https:\/\/www.stredoeuropskepohlady.fss.ukf.sk\/index.php?rest_route=%2Fwp%2Fv2%2Fmedia&parent=4323"}],"curies":[{"name":"wp","href":"https:\/\/api.w.org\/{rel}","templated":true}]}}