{"id":3955,"date":"2020-01-18T18:59:08","date_gmt":"2020-01-18T17:59:08","guid":{"rendered":"http:\/\/www.stredoeuropskepohlady.fss.ukf.sk\/?page_id=3955"},"modified":"2020-07-15T11:29:05","modified_gmt":"2020-07-15T09:29:05","slug":"ceska-literatura-a-film-2","status":"publish","type":"page","link":"https:\/\/www.stredoeuropskepohlady.fss.ukf.sk\/?page_id=3955","title":{"rendered":"\u010cesk\u00e1 literat\u00fara a&nbsp;film (recenzia)"},"content":{"rendered":"<h2 style=\"text-align: center;\">Literature and Film in the Czech Context (Review)<\/h2>\n<h3>Timko, \u0160tefan (ed.): \u010cesk\u00e1 literat\u00fara a film V. Nitra: FS\u0160 UKF v Nitre, 2018. 192 s.<\/h3>\n<p><strong>Monika Adamick\u00e1<\/strong><\/p>\n<p><a href=\"https:\/\/www.stredoeuropskepohlady.fss.ukf.sk\/wp-content\/uploads\/2019\/12\/2019-02-10_Recenzia_Adamicka.pdf\"><strong>PDF<\/strong><\/a><\/p>\n","protected":false},"excerpt":{"rendered":"<p>Literature and Film in the Czech Context (Review) Timko, \u0160tefan (ed.): \u010cesk\u00e1 literat\u00fara a film [&hellip;]<\/p>\n","protected":false},"author":5,"featured_media":0,"parent":0,"menu_order":0,"comment_status":"closed","ping_status":"closed","template":"","meta":[],"_links":{"self":[{"href":"https:\/\/www.stredoeuropskepohlady.fss.ukf.sk\/index.php?rest_route=\/wp\/v2\/pages\/3955"}],"collection":[{"href":"https:\/\/www.stredoeuropskepohlady.fss.ukf.sk\/index.php?rest_route=\/wp\/v2\/pages"}],"about":[{"href":"https:\/\/www.stredoeuropskepohlady.fss.ukf.sk\/index.php?rest_route=\/wp\/v2\/types\/page"}],"author":[{"embeddable":true,"href":"https:\/\/www.stredoeuropskepohlady.fss.ukf.sk\/index.php?rest_route=\/wp\/v2\/users\/5"}],"replies":[{"embeddable":true,"href":"https:\/\/www.stredoeuropskepohlady.fss.ukf.sk\/index.php?rest_route=%2Fwp%2Fv2%2Fcomments&post=3955"}],"version-history":[{"count":10,"href":"https:\/\/www.stredoeuropskepohlady.fss.ukf.sk\/index.php?rest_route=\/wp\/v2\/pages\/3955\/revisions"}],"predecessor-version":[{"id":4435,"href":"https:\/\/www.stredoeuropskepohlady.fss.ukf.sk\/index.php?rest_route=\/wp\/v2\/pages\/3955\/revisions\/4435"}],"wp:attachment":[{"href":"https:\/\/www.stredoeuropskepohlady.fss.ukf.sk\/index.php?rest_route=%2Fwp%2Fv2%2Fmedia&parent=3955"}],"curies":[{"name":"wp","href":"https:\/\/api.w.org\/{rel}","templated":true}]}}