{"id":3892,"date":"2020-01-18T18:14:15","date_gmt":"2020-01-18T17:14:15","guid":{"rendered":"http:\/\/www.stredoeuropskepohlady.fss.ukf.sk\/?page_id=3892"},"modified":"2020-01-24T09:50:24","modified_gmt":"2020-01-24T08:50:24","slug":"the-interconnection-of-jewish-and-christian-motifs-in-literary-works-by-vojtech-rakous-and-eliza-orzeszkova-notes-to-centrism-and-exclusivity-of-depicted-spac","status":"publish","type":"page","link":"https:\/\/www.stredoeuropskepohlady.fss.ukf.sk\/?page_id=3892","title":{"rendered":"K&nbsp;prostupov\u00e1n\u00ed \u017eidovsk\u00fdch a&nbsp;k\u0159es\u0165ansk\u00fdch element\u016f v&nbsp;d\u00edle Vojt\u011bcha Rakouse a&nbsp;Elizy Orzeszkov\u00e9: Pozn\u00e1mky k&nbsp;\u201eCentrizmu\u201d a&nbsp;\u201eExkluzivit\u011b\u201d zobrazovan\u00e9ho prostoru"},"content":{"rendered":"<h2 style=\"text-align: center;\">The Interconnection of Jewish and Christian Motifs in Literary Works by Vojt\u011bch Rakous and Eliza Orzeszkov\u00e1: Notes to \u201eCentrism\u201d and \u201eExclusivity\u201d of Depicted Space<\/h2>\n<h3>Alexej Mikul\u00e1\u0161ek<\/h3>\n<p><strong><span style=\"color: #666666;\">IN:\u00a0<\/span><\/strong><span style=\"color: #666666;\">Stredoeur\u00f3pske poh\u013eady, Vol. I., Issue 2, 2019, pp. 45-55,\u00a0ISSN 2644-6367 (print), ISSN-2644-6472 (online)<\/span><\/p>\n<p><strong>DOI:\u00a0<\/strong>10.17846\/CEV.2019.01.2.45-55<\/p>\n<p><strong>Abstract:<\/strong><\/p>\n<blockquote style=\"font-size: 14pt; font-family: 'Source Sans Pro', 'Helvetica Neue', Helvetica, Arial, sans-serif;\"><p>The following study deals with the permeation and interaction of Jewish ani Christian elements, or the barrier and hedge between them, in the collection of stories <em>Modche a&nbsp;Rezi<\/em> written by Vojt\u011bch Rakous (1862 \u2013 1935) and in the novel <em>Meir Ezofowicz<\/em>, created in 1878 by a&nbsp;famous Polish writer Eliza Orzeszkowa (1841 \u2013 1910). <em>Modche a&nbsp;Rezi<\/em> was the most celebrated cycle of Rakous\u2019s works and brought a&nbsp;lot of humoristic and comic, mainly situation images. Orzeszkowa\u2019s novel brings first and foremost tragical images from the Polish-Belorussian-Lithuanian ghetto named \u0160ibov.<\/p><\/blockquote>\n<p><a href=\"https:\/\/www.stredoeuropskepohlady.fss.ukf.sk\/wp-content\/uploads\/2019\/12\/2019-02-06_Mikulasek.pdf\"><strong>PDF<\/strong><\/a><\/p>\n","protected":false},"excerpt":{"rendered":"<p>The Interconnection of Jewish and Christian Motifs in Literary Works by Vojt\u011bch Rakous and Eliza [&hellip;]<\/p>\n","protected":false},"author":5,"featured_media":0,"parent":0,"menu_order":0,"comment_status":"closed","ping_status":"closed","template":"","meta":[],"_links":{"self":[{"href":"https:\/\/www.stredoeuropskepohlady.fss.ukf.sk\/index.php?rest_route=\/wp\/v2\/pages\/3892"}],"collection":[{"href":"https:\/\/www.stredoeuropskepohlady.fss.ukf.sk\/index.php?rest_route=\/wp\/v2\/pages"}],"about":[{"href":"https:\/\/www.stredoeuropskepohlady.fss.ukf.sk\/index.php?rest_route=\/wp\/v2\/types\/page"}],"author":[{"embeddable":true,"href":"https:\/\/www.stredoeuropskepohlady.fss.ukf.sk\/index.php?rest_route=\/wp\/v2\/users\/5"}],"replies":[{"embeddable":true,"href":"https:\/\/www.stredoeuropskepohlady.fss.ukf.sk\/index.php?rest_route=%2Fwp%2Fv2%2Fcomments&post=3892"}],"version-history":[{"count":6,"href":"https:\/\/www.stredoeuropskepohlady.fss.ukf.sk\/index.php?rest_route=\/wp\/v2\/pages\/3892\/revisions"}],"predecessor-version":[{"id":4202,"href":"https:\/\/www.stredoeuropskepohlady.fss.ukf.sk\/index.php?rest_route=\/wp\/v2\/pages\/3892\/revisions\/4202"}],"wp:attachment":[{"href":"https:\/\/www.stredoeuropskepohlady.fss.ukf.sk\/index.php?rest_route=%2Fwp%2Fv2%2Fmedia&parent=3892"}],"curies":[{"name":"wp","href":"https:\/\/api.w.org\/{rel}","templated":true}]}}