{"id":3832,"date":"2020-01-18T16:53:03","date_gmt":"2020-01-18T15:53:03","guid":{"rendered":"http:\/\/www.stredoeuropskepohlady.fss.ukf.sk\/?page_id=3832"},"modified":"2020-07-15T08:41:24","modified_gmt":"2020-07-15T06:41:24","slug":"zidovsky-kulturny-fenomen-v-strednej-europe-editorial","status":"publish","type":"page","link":"https:\/\/www.stredoeuropskepohlady.fss.ukf.sk\/?page_id=3832","title":{"rendered":"\u017didovsk\u00fd kult\u00farny fenom\u00e9n v&nbsp;strednej Eur\u00f3pe (editori\u00e1l)"},"content":{"rendered":"<h2 style=\"text-align: center;\">Jewish Cultural Phenomenon in Central Europe (Editorial)<\/h2>\n<h3>Dominika Hlavinov\u00e1 Tekeliov\u00e1 \u2013 Tibor \u017dilka<\/h3>\n<p><strong><span style=\"color: #666666;\">IN:\u00a0<\/span><\/strong><span style=\"color: #666666;\">Stredoeur\u00f3pske poh\u013eady, Vol. I., Issue 2, 2019, pp. 2-3,\u00a0ISSN 2644-6367 (print), ISSN-2644-6472 (online)<\/span><\/p>\n<p><a href=\"https:\/\/www.stredoeuropskepohlady.fss.ukf.sk\/wp-content\/uploads\/2019\/12\/2019-02-00_Editorial.pdf\"><strong>(PDF)<\/strong><\/a><\/p>\n","protected":false},"excerpt":{"rendered":"<p>Jewish Cultural Phenomenon in Central Europe (Editorial) Dominika Hlavinov\u00e1 Tekeliov\u00e1 \u2013 Tibor \u017dilka IN:\u00a0Stredoeur\u00f3pske poh\u013eady, [&hellip;]<\/p>\n","protected":false},"author":5,"featured_media":0,"parent":0,"menu_order":0,"comment_status":"closed","ping_status":"closed","template":"","meta":[],"_links":{"self":[{"href":"https:\/\/www.stredoeuropskepohlady.fss.ukf.sk\/index.php?rest_route=\/wp\/v2\/pages\/3832"}],"collection":[{"href":"https:\/\/www.stredoeuropskepohlady.fss.ukf.sk\/index.php?rest_route=\/wp\/v2\/pages"}],"about":[{"href":"https:\/\/www.stredoeuropskepohlady.fss.ukf.sk\/index.php?rest_route=\/wp\/v2\/types\/page"}],"author":[{"embeddable":true,"href":"https:\/\/www.stredoeuropskepohlady.fss.ukf.sk\/index.php?rest_route=\/wp\/v2\/users\/5"}],"replies":[{"embeddable":true,"href":"https:\/\/www.stredoeuropskepohlady.fss.ukf.sk\/index.php?rest_route=%2Fwp%2Fv2%2Fcomments&post=3832"}],"version-history":[{"count":10,"href":"https:\/\/www.stredoeuropskepohlady.fss.ukf.sk\/index.php?rest_route=\/wp\/v2\/pages\/3832\/revisions"}],"predecessor-version":[{"id":4399,"href":"https:\/\/www.stredoeuropskepohlady.fss.ukf.sk\/index.php?rest_route=\/wp\/v2\/pages\/3832\/revisions\/4399"}],"wp:attachment":[{"href":"https:\/\/www.stredoeuropskepohlady.fss.ukf.sk\/index.php?rest_route=%2Fwp%2Fv2%2Fmedia&parent=3832"}],"curies":[{"name":"wp","href":"https:\/\/api.w.org\/{rel}","templated":true}]}}