{"id":3809,"date":"2020-01-18T14:13:45","date_gmt":"2020-01-18T13:13:45","guid":{"rendered":"http:\/\/www.stredoeuropskepohlady.fss.ukf.sk\/?page_id=3809"},"modified":"2020-07-15T08:36:34","modified_gmt":"2020-07-15T06:36:34","slug":"imagologia-ako-vyskum-obrazov-kultury-monika-adamicka-recenzia","status":"publish","type":"page","link":"https:\/\/www.stredoeuropskepohlady.fss.ukf.sk\/?page_id=3809","title":{"rendered":"Imagol\u00f3gia ako v\u00fdskum obrazov kult\u00fary (recenzia)"},"content":{"rendered":"<h2 style=\"text-align: center;\">Imagology &#8211; Ethnic Stereotypes of  Countries (Review)<\/h2>\n<h3>ZELENKA, M. \u2013 TK\u00c1\u010c-ZAB\u00c1KOV\u00c1, L. (eds.): Imagol\u00f3gia ako v\u00fdskum obrazov kult\u00fary. Nitra: FS\u0160 UKF v Nitre, 2018. 162 s.<\/h3>\n<p><strong>Monika Adamick\u00e1<\/strong><\/p>\n<p><a href=\"https:\/\/www.stredoeuropskepohlady.fss.ukf.sk\/wp-content\/uploads\/2019\/12\/2019-01-16_Recenzia.pdf\"><strong>PDF<\/strong><\/a><\/p>\n","protected":false},"excerpt":{"rendered":"<p>Imagology &#8211; Ethnic Stereotypes of Countries (Review) ZELENKA, M. \u2013 TK\u00c1\u010c-ZAB\u00c1KOV\u00c1, L. (eds.): Imagol\u00f3gia ako [&hellip;]<\/p>\n","protected":false},"author":5,"featured_media":0,"parent":0,"menu_order":0,"comment_status":"closed","ping_status":"closed","template":"","meta":[],"_links":{"self":[{"href":"https:\/\/www.stredoeuropskepohlady.fss.ukf.sk\/index.php?rest_route=\/wp\/v2\/pages\/3809"}],"collection":[{"href":"https:\/\/www.stredoeuropskepohlady.fss.ukf.sk\/index.php?rest_route=\/wp\/v2\/pages"}],"about":[{"href":"https:\/\/www.stredoeuropskepohlady.fss.ukf.sk\/index.php?rest_route=\/wp\/v2\/types\/page"}],"author":[{"embeddable":true,"href":"https:\/\/www.stredoeuropskepohlady.fss.ukf.sk\/index.php?rest_route=\/wp\/v2\/users\/5"}],"replies":[{"embeddable":true,"href":"https:\/\/www.stredoeuropskepohlady.fss.ukf.sk\/index.php?rest_route=%2Fwp%2Fv2%2Fcomments&post=3809"}],"version-history":[{"count":9,"href":"https:\/\/www.stredoeuropskepohlady.fss.ukf.sk\/index.php?rest_route=\/wp\/v2\/pages\/3809\/revisions"}],"predecessor-version":[{"id":4396,"href":"https:\/\/www.stredoeuropskepohlady.fss.ukf.sk\/index.php?rest_route=\/wp\/v2\/pages\/3809\/revisions\/4396"}],"wp:attachment":[{"href":"https:\/\/www.stredoeuropskepohlady.fss.ukf.sk\/index.php?rest_route=%2Fwp%2Fv2%2Fmedia&parent=3809"}],"curies":[{"name":"wp","href":"https:\/\/api.w.org\/{rel}","templated":true}]}}