{"id":3785,"date":"2020-01-18T13:54:08","date_gmt":"2020-01-18T12:54:08","guid":{"rendered":"http:\/\/www.stredoeuropskepohlady.fss.ukf.sk\/?page_id=3785"},"modified":"2020-01-24T09:30:03","modified_gmt":"2020-01-24T08:30:03","slug":"slovensko-chorvatske-vztahy-spred-a-pocas-revolucie-1848-1849","status":"publish","type":"page","link":"https:\/\/www.stredoeuropskepohlady.fss.ukf.sk\/?page_id=3785","title":{"rendered":"Slovensko-chorv\u00e1tske vz\u0165ahy spred a&nbsp;po\u010das revol\u00facie 1848\/1849"},"content":{"rendered":"<h2 style=\"text-align: center;\">Slovak-Croatian Relations Before and During the 1848\/1849 Revolution<\/h2>\n<h3>Tom\u00e1\u0161 M\u00f3ri<\/h3>\n<p><strong><span style=\"color: #666666;\">IN:\u00a0<\/span><\/strong><span style=\"color: #666666;\">Stredoeur\u00f3pske poh\u013eady, Vol. I., Issue 1, 2019, pp. 118-126,\u00a0ISSN 2644-6367 (print), ISSN-2644-6472 (online)<\/span><\/p>\n<p><strong>DOI:\u00a0<\/strong>10.17846\/CEV.2019.01.1.118-126<\/p>\n<p><strong>Abstract:<\/strong><\/p>\n<blockquote style=\"font-size: 14pt; font-family: 'Source Sans Pro', 'Helvetica Neue', Helvetica, Arial, sans-serif;\"><p>The contacts of the Slavic nations during the Revolution were the culmination of their emancipation process, the search for allies in the struggles of political power for the preservation and development of their own cultures, the first Slovak national movement to cooperate with the Croatian revivalist movement. The two movements have strengthened cultural contacts and cooperation for common national goals before the revolution. The culmination of these efforts was military co-operation during the Revolution of 1848\/1849. The text attempts a  modest contribution to the topic in Slovak historiography and literary science. Cooperation between Slovaks and Croatians shows different political, cultural relations within the Hungarian Kingdom.<\/p><\/blockquote>\n<p><a href=\"https:\/\/www.stredoeuropskepohlady.fss.ukf.sk\/wp-content\/uploads\/2019\/12\/2019-01-14_Mori.pdf\"><strong>PDF<\/strong><\/a><\/p>\n","protected":false},"excerpt":{"rendered":"<p>Slovak-Croatian Relations Before and During the 1848\/1849 Revolution Tom\u00e1\u0161 M\u00f3ri IN:\u00a0Stredoeur\u00f3pske poh\u013eady, Vol. I., Issue [&hellip;]<\/p>\n","protected":false},"author":5,"featured_media":0,"parent":0,"menu_order":0,"comment_status":"closed","ping_status":"closed","template":"","meta":[],"_links":{"self":[{"href":"https:\/\/www.stredoeuropskepohlady.fss.ukf.sk\/index.php?rest_route=\/wp\/v2\/pages\/3785"}],"collection":[{"href":"https:\/\/www.stredoeuropskepohlady.fss.ukf.sk\/index.php?rest_route=\/wp\/v2\/pages"}],"about":[{"href":"https:\/\/www.stredoeuropskepohlady.fss.ukf.sk\/index.php?rest_route=\/wp\/v2\/types\/page"}],"author":[{"embeddable":true,"href":"https:\/\/www.stredoeuropskepohlady.fss.ukf.sk\/index.php?rest_route=\/wp\/v2\/users\/5"}],"replies":[{"embeddable":true,"href":"https:\/\/www.stredoeuropskepohlady.fss.ukf.sk\/index.php?rest_route=%2Fwp%2Fv2%2Fcomments&post=3785"}],"version-history":[{"count":4,"href":"https:\/\/www.stredoeuropskepohlady.fss.ukf.sk\/index.php?rest_route=\/wp\/v2\/pages\/3785\/revisions"}],"predecessor-version":[{"id":4150,"href":"https:\/\/www.stredoeuropskepohlady.fss.ukf.sk\/index.php?rest_route=\/wp\/v2\/pages\/3785\/revisions\/4150"}],"wp:attachment":[{"href":"https:\/\/www.stredoeuropskepohlady.fss.ukf.sk\/index.php?rest_route=%2Fwp%2Fv2%2Fmedia&parent=3785"}],"curies":[{"name":"wp","href":"https:\/\/api.w.org\/{rel}","templated":true}]}}